{"id":12,"date":"2009-01-01T11:11:35","date_gmt":"2009-01-01T09:11:35","guid":{"rendered":"http:\/\/www.psy-sarthe.com\/?page_id=12"},"modified":"2019-01-09T18:39:57","modified_gmt":"2019-01-09T17:39:57","slug":"anxiete","status":"publish","type":"page","link":"https:\/\/www.psy-sarthe.com\/?page_id=12","title":{"rendered":"Anxi\u00e9t\u00e9"},"content":{"rendered":"<p><span style=\"color: #ff6600;\">L&rsquo;anxi\u00e9t\u00e9 est pour la psychiatrie ph\u00e9nom\u00e9nologique biologique et comportementale, un \u00e9tat d&rsquo;alerte, de tension psychologique et somatique, en rapport avec un sentiment d\u00e9sagr\u00e9able de peurs, d&rsquo;inqui\u00e9tude, voire d&rsquo;autres \u00e9motions. Des manifestations physiologiques peuvent accompagner l&rsquo;\u00e9tat d&rsquo;anxi\u00e9t\u00e9 : vertiges, naus\u00e9es, palpitations, difficult\u00e9s \u00e0 respirer, contrition de la poitrine, transpiration. N\u00e9anmoins, quand les sympt\u00f4mes physiques sont tr\u00e8s pr\u00e9sents, on classe alors plut\u00f4t le ph\u00e9nom\u00e8ne sous l&rsquo;appellation d&rsquo;angoisse.<\/span><\/p>\n<p><span style=\"color: #ff6600;\">Quand l&rsquo;anxi\u00e9t\u00e9 est sans objet, ou qu&rsquo;elle est disproportionn\u00e9e par rapport \u00e0 son objet, ou caus\u00e9e par une maladie ou l&rsquo;absorption d&rsquo;une substance, on parle alors de troubles anxieux qui sont un \u00e9tat pathologique dans lequel un individu ne parvient plus \u00e0 ma\u00eetriser son anxi\u00e9t\u00e9.<\/span><\/p>\n<p><span style=\"color: #ff6600;\">Quatre \u00e9motions sont refoul\u00e9es et ont besoin d&rsquo;\u00eatre ressenties chez les gens anxieux: la crainte, le regret, la frustration et la d\u00e9ception.<\/span><\/p>\n<p><span style=\"color: #ff6600;\">On distingue diff\u00e9rents types d&rsquo;anxi\u00e9t\u00e9 :<\/span><\/p>\n<ul>\n<li><span style=\"color: #ff6600;\">L&rsquo;anxi\u00e9t\u00e9 de s\u00e9paration,<\/span><\/li>\n<li><span style=\"color: #ff6600;\">l&rsquo;anxi\u00e9t\u00e9 de l\u2019existence,<\/span><\/li>\n<li><span style=\"color: #ff6600;\">l\u2019anxi\u00e9t\u00e9 due aux\u00a0 examens,<\/span><\/li>\n<li><span style=\"color: #ff6600;\">l\u2019anxi\u00e9t\u00e9 sociale\u00a0 <\/span><\/li>\n<li><span style=\"color: #ff6600;\">ou encore l&rsquo;anxi\u00e9t\u00e9 des malades, de leur famille et de leurs proches.<\/span><\/li>\n<\/ul>\n","protected":false},"excerpt":{"rendered":"<p>L&rsquo;anxi\u00e9t\u00e9 est pour la psychiatrie ph\u00e9nom\u00e9nologique biologique et comportementale, un \u00e9tat d&rsquo;alerte, de tension psychologique et somatique, en rapport avec un sentiment d\u00e9sagr\u00e9able de peurs, d&rsquo;inqui\u00e9tude, voire d&rsquo;autres \u00e9motions. Des manifestations physiologiques peuvent accompagner l&rsquo;\u00e9tat d&rsquo;anxi\u00e9t\u00e9 : vertiges, naus\u00e9es, palpitations, difficult\u00e9s \u00e0 respirer, contrition de la poitrine, transpiration. N\u00e9anmoins, quand les sympt\u00f4mes physiques sont tr\u00e8s &hellip; <\/p>\n<p class=\"link-more\"><a href=\"https:\/\/www.psy-sarthe.com\/?page_id=12\" class=\"more-link\">Continuer la lecture<span class=\"screen-reader-text\"> de &laquo;&nbsp;Anxi\u00e9t\u00e9&nbsp;&raquo;<\/span><\/a><\/p>\n","protected":false},"author":1,"featured_media":0,"parent":5,"menu_order":2,"comment_status":"closed","ping_status":"open","template":"","meta":{"footnotes":""},"class_list":["post-12","page","type-page","status-publish","hentry"],"_links":{"self":[{"href":"https:\/\/www.psy-sarthe.com\/index.php?rest_route=\/wp\/v2\/pages\/12","targetHints":{"allow":["GET"]}}],"collection":[{"href":"https:\/\/www.psy-sarthe.com\/index.php?rest_route=\/wp\/v2\/pages"}],"about":[{"href":"https:\/\/www.psy-sarthe.com\/index.php?rest_route=\/wp\/v2\/types\/page"}],"author":[{"embeddable":true,"href":"https:\/\/www.psy-sarthe.com\/index.php?rest_route=\/wp\/v2\/users\/1"}],"replies":[{"embeddable":true,"href":"https:\/\/www.psy-sarthe.com\/index.php?rest_route=%2Fwp%2Fv2%2Fcomments&post=12"}],"version-history":[{"count":3,"href":"https:\/\/www.psy-sarthe.com\/index.php?rest_route=\/wp\/v2\/pages\/12\/revisions"}],"predecessor-version":[{"id":257,"href":"https:\/\/www.psy-sarthe.com\/index.php?rest_route=\/wp\/v2\/pages\/12\/revisions\/257"}],"up":[{"embeddable":true,"href":"https:\/\/www.psy-sarthe.com\/index.php?rest_route=\/wp\/v2\/pages\/5"}],"wp:attachment":[{"href":"https:\/\/www.psy-sarthe.com\/index.php?rest_route=%2Fwp%2Fv2%2Fmedia&parent=12"}],"curies":[{"name":"wp","href":"https:\/\/api.w.org\/{rel}","templated":true}]}}