{"id":13,"date":"2019-01-01T11:11:17","date_gmt":"2019-01-01T10:11:17","guid":{"rendered":"http:\/\/www.psy-sarthe.com\/?page_id=13"},"modified":"2019-01-09T17:57:30","modified_gmt":"2019-01-09T16:57:30","slug":"obsessions-et-toc","status":"publish","type":"page","link":"https:\/\/www.psy-sarthe.com\/?page_id=13","title":{"rendered":"Obsessions et TOC"},"content":{"rendered":"<p><span style=\"color: #ff6600;\">Le Trouble Obsessionnel Compulsif (abr\u00e9g\u00e9 en TOC) est un trouble anxieux se manifestant notamment par la survenue chez une personne de compulsions ou la mise en place de rituels afin de limiter l&rsquo;impact de l&rsquo;anxi\u00e9t\u00e9 g\u00e9n\u00e9r\u00e9e par une obsession ou une phobie.<\/span><\/p>\n<p><span style=\"color: #ff6600;\">Les troubles obsessionnels compulsifs se manifestent sous plusieurs formes. Les manifestations sont tr\u00e8s vari\u00e9es, et s&rsquo;expriment typiquement dans la mise en \u0153uvre d&rsquo;actions rituelles.<\/span><\/p>\n<p><span style=\"color: #ff6600;\">Le lavage<\/span><\/p>\n<p><span style=\"color: #ff6600;\">Elles poussent un individu, par peur de la contamination ou de la souillure, \u00e0 devoir nettoyer et \u00e0 se laver en permanence. Parfois, le lavage compulsif n&rsquo;est pas caus\u00e9 par une phobie, et c&rsquo;est pourquoi il est consid\u00e9r\u00e9 comme un TOC.<\/span><\/p>\n<p><span style=\"color: #ff6600;\">La v\u00e9rification<\/span><\/p>\n<p><span style=\"color: #ff6600;\">Trouble qui consiste \u00e0 v\u00e9rifier plusieurs fois de suite un fait ou une action qui pourrait avoir un effet n\u00e9gatif. Par exemple, v\u00e9rifier le gaz, les portes, la lumi\u00e8re plusieurs fois.<\/span><\/p>\n<p><span style=\"color: #ff6600;\">L&rsquo;obsession-impulsion<\/span><\/p>\n<p><span style=\"color: #ff6600;\">Trouble phobique des personnes ayant peur de passer \u00e0 l&rsquo;acte, de perdre le contr\u00f4le de soi ou de faire quelque chose contre leur gr\u00e9 sans s&rsquo;en rendre compte. La personne lutte en permanence contre ses id\u00e9es et doit s&rsquo;assurer en permanence de ce qu&rsquo;il vient de faire.<\/span><\/p>\n<p><span style=\"color: #ff6600;\">Peur de tuer quelqu&rsquo;un. Peur d&rsquo;\u00eatre violent avec quelqu&rsquo;un. Peur de se suicider. Peur de voler. Peur que des mots nous \u00e9chappent.<\/span><\/p>\n<p><span style=\"color: #ff6600;\">Le syndrome de lenteur primaire<\/span><\/p>\n<p><span style=\"color: #ff6600;\">Syndrome qui entra\u00eene une lenteur excessive dans la r\u00e9alisation de certaines actions de la vie quotidienne. Essentiellement, car le patient s&rsquo;assure par son extr\u00eame application qu&rsquo;il ne peut entra\u00eener de catastrophe, qu&rsquo;il n&rsquo;oublie rien ou qu&rsquo;il agit parfaitement, selon l&rsquo;obsession contre laquelle il tente de lutter.<\/span><\/p>\n<p><span style=\"color: #ff6600;\">La syllogomanie<\/span><\/p>\n<p><span style=\"color: #ff6600;\">Personnes collectant des tas d&rsquo;objets sans jamais pouvoir\/vouloir s&rsquo;en d\u00e9barrasser. Elles peuvent concerner une seule cat\u00e9gorie d&rsquo;objet ou tous les objets sans diff\u00e9renciation.<\/span><\/p>\n<p><span style=\"color: #ff6600;\">Les TOC d\u2019ordre<\/span><\/p>\n<p><span style=\"color: #ff6600;\">Personnes obs\u00e9d\u00e9es par la sym\u00e9trie, l&rsquo;ordre et le rangement.\u00a0<\/span><\/p>\n<p><span style=\"color: #ff6600;\">Les compulsions cach\u00e9es (ou compulsions cognitives)<\/span><\/p>\n<p><span style=\"color: #ff6600;\">Caract\u00e9rise tous les TOC n&rsquo;entrainant aucun rituel physique. Tout se passe dans la t\u00eate.<\/span><\/p>\n<p><span style=\"color: #ff6600;\">Se r\u00e9p\u00e9ter sans cesse des phrases (parfois sous forme de pri\u00e8res r\u00e9p\u00e9titives). Se r\u00e9p\u00e9ter sans cesse un ou plusieurs mots\/nombres. Calculer incessamment, additionner, retrancher&#8230; Pens\u00e9es blasph\u00e9matoires<\/span><\/p>\n<p><span style=\"color: #ff6600;\">Les ruminateurs<\/span><\/p>\n<p><span style=\"color: #ff6600;\">La rumination se caract\u00e9rise par un ressassement permanent d&rsquo;id\u00e9es dans sa t\u00eate. Elles se diff\u00e9rencient de la compulsion cach\u00e9e pure car elle concerne des id\u00e9es plut\u00f4t que des choses abstraites, et peut \u00eatre accompagn\u00e9e de rituels. La personne sait au fond d&rsquo;elle-m\u00eame qu&rsquo;elle n&rsquo;adh\u00e8re pas \u00e0 ces id\u00e9es, mais se contraint tout de m\u00eame \u00e0 s&rsquo;interroger dessus. Ruminations les plus courantes : Peur d&rsquo;\u00eatre homosexuel. Peur de ne plus aimer quelqu&rsquo;un. Peur d&rsquo;\u00eatre p\u00e9dophile.\u00a0 Questionnements m\u00e9ta-physiques permanents.<\/span><\/p>\n<p><span style=\"color: #ff6600;\">Autres TOCs<\/span><\/p>\n<ul>\n<li><span style=\"color: #ff6600;\">Peur de vomir (\u00e9m\u00e9tophobie),<\/span><\/li>\n<li><span style=\"color: #ff6600;\">S&rsquo;arracher des m\u00e8ches de cheveux (Trichotillomanie),<\/span><\/li>\n<li><span style=\"color: #ff6600;\">Se ronger les ongles (Onychophagie),<\/span><\/li>\n<li><span style=\"color: #ff6600;\">Achats incontr\u00f4l\u00e9s et excessifs,<\/span><\/li>\n<li><span style=\"color: #ff6600;\">Troubles du comportement alimentaire (Anorexie, Boulimie),<\/span><\/li>\n<li><span style=\"color: #ff6600;\">Besoin de voler (Kleptomanie),<\/span><\/li>\n<li><span style=\"color: #ff6600;\">Peur d&rsquo;avoir un TOC, qu&rsquo;un TOC revienne (ce qui cr\u00e9e un TOC en soi ou en d\u00e9clenche finalement un),<\/span><\/li>\n<li><span style=\"color: #ff6600;\">Toucher certaines choses lorsque l&rsquo;on passe devant (et\/ou les toucher un nombre de fois pr\u00e9cis de fa\u00e7on \u00e0 ce que cela fasse un nombre pair ou impair par exemple),<\/span><\/li>\n<li><span style=\"color: #ff6600;\">D\u00e9placer et replacer des objets (sentiment qu&rsquo;ils sont mal rang\u00e9s ou mal positionn\u00e9s)<\/span><\/li>\n<li><span style=\"color: #ff6600;\">Ne pas marcher sur les lignes au sol dans la rue<\/span><\/li>\n<\/ul>\n<p class=\"MsoNormal\" style=\"margin: 0cm 0cm 0pt; mso-margin-top-alt: auto; mso-margin-bottom-alt: auto;\">\n<p class=\"MsoNormal\" style=\"margin: 0cm 0cm 0pt; mso-margin-top-alt: auto; mso-margin-bottom-alt: auto;\">\n<p class=\"MsoNormal\" style=\"margin: 0cm 0cm 0pt; mso-margin-top-alt: auto; mso-margin-bottom-alt: auto;\">\n","protected":false},"excerpt":{"rendered":"<p>Le Trouble Obsessionnel Compulsif (abr\u00e9g\u00e9 en TOC) est un trouble anxieux se manifestant notamment par la survenue chez une personne de compulsions ou la mise en place de rituels afin de limiter l&rsquo;impact de l&rsquo;anxi\u00e9t\u00e9 g\u00e9n\u00e9r\u00e9e par une obsession ou une phobie. Les troubles obsessionnels compulsifs se manifestent sous plusieurs formes. Les manifestations sont tr\u00e8s &hellip; <\/p>\n<p class=\"link-more\"><a href=\"https:\/\/www.psy-sarthe.com\/?page_id=13\" class=\"more-link\">Continuer la lecture<span class=\"screen-reader-text\"> de &laquo;&nbsp;Obsessions et TOC&nbsp;&raquo;<\/span><\/a><\/p>\n","protected":false},"author":1,"featured_media":0,"parent":5,"menu_order":3,"comment_status":"closed","ping_status":"open","template":"","meta":{"footnotes":""},"class_list":["post-13","page","type-page","status-publish","hentry"],"_links":{"self":[{"href":"https:\/\/www.psy-sarthe.com\/index.php?rest_route=\/wp\/v2\/pages\/13","targetHints":{"allow":["GET"]}}],"collection":[{"href":"https:\/\/www.psy-sarthe.com\/index.php?rest_route=\/wp\/v2\/pages"}],"about":[{"href":"https:\/\/www.psy-sarthe.com\/index.php?rest_route=\/wp\/v2\/types\/page"}],"author":[{"embeddable":true,"href":"https:\/\/www.psy-sarthe.com\/index.php?rest_route=\/wp\/v2\/users\/1"}],"replies":[{"embeddable":true,"href":"https:\/\/www.psy-sarthe.com\/index.php?rest_route=%2Fwp%2Fv2%2Fcomments&post=13"}],"version-history":[{"count":3,"href":"https:\/\/www.psy-sarthe.com\/index.php?rest_route=\/wp\/v2\/pages\/13\/revisions"}],"predecessor-version":[{"id":219,"href":"https:\/\/www.psy-sarthe.com\/index.php?rest_route=\/wp\/v2\/pages\/13\/revisions\/219"}],"up":[{"embeddable":true,"href":"https:\/\/www.psy-sarthe.com\/index.php?rest_route=\/wp\/v2\/pages\/5"}],"wp:attachment":[{"href":"https:\/\/www.psy-sarthe.com\/index.php?rest_route=%2Fwp%2Fv2%2Fmedia&parent=13"}],"curies":[{"name":"wp","href":"https:\/\/api.w.org\/{rel}","templated":true}]}}