{"id":16,"date":"2018-09-03T11:11:12","date_gmt":"2018-09-03T09:11:12","guid":{"rendered":"http:\/\/www.psy-sarthe.com\/?page_id=16"},"modified":"2025-05-12T19:32:56","modified_gmt":"2025-05-12T17:32:56","slug":"nous-contacter","status":"publish","type":"page","link":"https:\/\/www.psy-sarthe.com\/?page_id=16","title":{"rendered":"Nous contacter"},"content":{"rendered":"<p class=\"MsoNormal\" style=\"margin: 0cm 0cm 0pt; text-align: center; mso-margin-top-alt: auto; mso-margin-bottom-alt: auto;\"><!-- [if gte mso 9]><xml> <w:WordDocument> <w:View>Normal<\/w:View> <w:Zoom>0<\/w:Zoom> <w:HyphenationZone>21<\/w:HyphenationZone> <w:PunctuationKerning \/> <w:ValidateAgainstSchemas \/> <w:SaveIfXMLInvalid>false<\/w:SaveIfXMLInvalid> <w:IgnoreMixedContent>false<\/w:IgnoreMixedContent> <w:AlwaysShowPlaceholderText>false<\/w:AlwaysShowPlaceholderText> <w:Compatibility> <w:BreakWrappedTables \/> <w:SnapToGridInCell \/> <w:WrapTextWithPunct \/> <w:UseAsianBreakRules \/> <w:DontGrowAutofit \/> <\/w:Compatibility> <w:BrowserLevel>MicrosoftInternetExplorer4<\/w:BrowserLevel> <\/w:WordDocument> <\/xml><![endif]--><\/p>\n<p class=\"MsoNormal\" style=\"margin: 0cm 0cm 0pt; text-align: center; mso-margin-top-alt: auto; mso-margin-bottom-alt: auto;\"><!-- [if gte mso 9]><xml> <w:LatentStyles DefLockedState=\"false\" LatentStyleCount=\"156\"> <\/w:LatentStyles> <\/xml><![endif]--><!-- [if !mso]><span class=\"mceItemObject\" classid=\"clsid:38481807-CA0E-42D2-BF39-B33AF135CC4D\" id=ieooui><\/span><\/p>\n\n\n\n\n\n<style>\nst1\\:*{behavior:url(#ieooui) }<br \/><\/style>\n\n\n\n<![endif]--><!-- [if gte mso 10]>\n\n\n\n<style>\n \/* Style Definitions *\/<br \/>table.MsoNormalTable<br \/>{mso-style-name:\"Tableau Normal\";<br \/>mso-tstyle-rowband-size:0;<br \/>mso-tstyle-colband-size:0;<br \/>mso-style-noshow:yes;<br \/>mso-style-parent:\"\";<br \/>mso-padding-alt:0cm 5.4pt 0cm 5.4pt;<br \/>mso-para-margin:0cm;<br \/>mso-para-margin-bottom:.0001pt;<br \/>mso-pagination:widow-orphan;<br \/>font-size:10.0pt;<br \/>font-family:\"Times New Roman\";<br \/>mso-ansi-language:#0400;<br \/>mso-fareast-language:#0400;<br \/>mso-bidi-language:#0400;}<br \/><\/style>\n\n\n\n<![endif]--><\/p>\n<p><!-- [if gte mso 9]><xml> Normal   0   21         false   false   false                             MicrosoftInternetExplorer4 <\/xml><![endif]--><\/p>\n<p style=\"text-align: center;\"><span style=\"color: #ff6600;\">Nos coordonn\u00e9es compl\u00e8tes sont les suivantes :<\/span><\/p>\n<h2 style=\"text-align: center;\"><span style=\"color: #ff6600;\">Cabinet de Psychoth\u00e9rapie PSY-SARTHE<\/span><\/h2>\n<h2 style=\"text-align: center;\"><span style=\"color: #ff6600;\">6, rue du Repos 72100 LE MANS<\/span><\/h2>\n<p style=\"text-align: center;\">\n<p>&nbsp;<\/p>\n<p><!-- [if gte mso 9]><xml> <\/xml><![endif]--><!-- [if !mso]><span class=\"mceItemObject\" classid=\"clsid:38481807-CA0E-42D2-BF39-B33AF135CC4D\" id=ieooui><\/span>\n\n\n\n<style>\nst1\\:*{behavior:url(#ieooui) }<br \/><\/style>\n\n\n\n<![endif]--><!-- [if gte mso 10]>\n\n\n\n<style>\n \/* Style Definitions *\/<br \/>table.MsoNormalTable<br \/>{mso-style-name:\"Tableau Normal\";<br \/>mso-tstyle-rowband-size:0;<br \/>mso-tstyle-colband-size:0;<br \/>mso-style-noshow:yes;<br \/>mso-style-parent:\"\";<br \/>mso-padding-alt:0cm 5.4pt 0cm 5.4pt;<br \/>mso-para-margin:0cm;<br \/>mso-para-margin-bottom:.0001pt;<br \/>mso-pagination:widow-orphan;<br \/>font-size:10.0pt;<br \/>font-family:\"Times New Roman\";<br \/>mso-ansi-language:#0400;<br \/>mso-fareast-language:#0400;<br \/>mso-bidi-language:#0400;}<br \/><\/style>\n\n\n\n<![endif]--><\/p>\n<p><!-- [if gte mso 9]><xml> Normal   0   21         false   false   false                             MicrosoftInternetExplorer4 <\/xml><![endif]--><\/p>\n<p><!-- [if gte mso 9]><xml> <w:WordDocument> <w:View>Normal<\/w:View> <w:Zoom>0<\/w:Zoom> <w:HyphenationZone>21<\/w:HyphenationZone> <w:PunctuationKerning \/> <w:ValidateAgainstSchemas \/> <w:SaveIfXMLInvalid>false<\/w:SaveIfXMLInvalid> <w:IgnoreMixedContent>false<\/w:IgnoreMixedContent> <w:AlwaysShowPlaceholderText>false<\/w:AlwaysShowPlaceholderText> <w:Compatibility> <w:BreakWrappedTables \/> <w:SnapToGridInCell \/> <w:WrapTextWithPunct \/> <w:UseAsianBreakRules \/> <w:DontGrowAutofit \/> <\/w:Compatibility> <w:BrowserLevel>MicrosoftInternetExplorer4<\/w:BrowserLevel> <\/w:WordDocument> <\/xml><![endif]--><\/p>\n<p><!-- [if gte mso 9]><xml> <w:LatentStyles DefLockedState=\"false\" LatentStyleCount=\"156\"> <\/w:LatentStyles> <\/xml><![endif]--><!-- [if !mso]><span class=\"mceItemObject\" classid=\"clsid:38481807-CA0E-42D2-BF39-B33AF135CC4D\" id=ieooui><\/span>\n\n\n\n<style>\nst1\\:*{behavior:url(#ieooui) }<br \/><\/style>\n\n\n\n<![endif]--><!-- [if gte mso 10]>\n\n\n\n<style>\n \/* Style Definitions *\/<br \/>table.MsoNormalTable<br \/>{mso-style-name:\"Tableau Normal\";<br \/>mso-tstyle-rowband-size:0;<br \/>mso-tstyle-colband-size:0;<br \/>mso-style-noshow:yes;<br \/>mso-style-parent:\"\";<br \/>mso-padding-alt:0cm 5.4pt 0cm 5.4pt;<br \/>mso-para-margin:0cm;<br \/>mso-para-margin-bottom:.0001pt;<br \/>mso-pagination:widow-orphan;<br \/>font-size:10.0pt;<br \/>font-family:\"Times New Roman\";<br \/>mso-ansi-language:#0400;<br \/>mso-fareast-language:#0400;<br \/>mso-bidi-language:#0400;}<br \/><\/style>\n\n\n\n<![endif]--><!-- [if gte mso 9]><xml> <\/xml><![endif]--><!-- [if !mso]><span class=\"mceItemObject\" classid=\"clsid:38481807-CA0E-42D2-BF39-B33AF135CC4D\" id=ieooui><\/span>\n\n\n\n<style>\nst1\\:*{behavior:url(#ieooui) }<br \/><\/style>\n\n\n\n<![endif]--><!-- [if gte mso 10]>\n\n\n\n<style>\n \/* Style Definitions *\/<br \/>table.MsoNormalTable<br \/>{mso-style-name:\"Tableau Normal\";<br \/>mso-tstyle-rowband-size:0;<br \/>mso-tstyle-colband-size:0;<br \/>mso-style-noshow:yes;<br \/>mso-style-parent:\"\";<br \/>mso-padding-alt:0cm 5.4pt 0cm 5.4pt;<br \/>mso-para-margin:0cm;<br \/>mso-para-margin-bottom:.0001pt;<br \/>mso-pagination:widow-orphan;<br \/>font-size:10.0pt;<br \/>font-family:\"Times New Roman\";<br \/>mso-ansi-language:#0400;<br \/>mso-fareast-language:#0400;<br \/>mso-bidi-language:#0400;}<br \/><\/style>\n\n\n\n<![endif]--><\/p>\n","protected":false},"excerpt":{"rendered":"<p>Nos coordonn\u00e9es compl\u00e8tes sont les suivantes : Cabinet de Psychoth\u00e9rapie PSY-SARTHE 6, rue du Repos 72100 LE MANS &nbsp;<\/p>\n","protected":false},"author":1,"featured_media":0,"parent":7,"menu_order":1,"comment_status":"closed","ping_status":"open","template":"","meta":{"footnotes":""},"class_list":["post-16","page","type-page","status-publish","hentry"],"_links":{"self":[{"href":"https:\/\/www.psy-sarthe.com\/index.php?rest_route=\/wp\/v2\/pages\/16","targetHints":{"allow":["GET"]}}],"collection":[{"href":"https:\/\/www.psy-sarthe.com\/index.php?rest_route=\/wp\/v2\/pages"}],"about":[{"href":"https:\/\/www.psy-sarthe.com\/index.php?rest_route=\/wp\/v2\/types\/page"}],"author":[{"embeddable":true,"href":"https:\/\/www.psy-sarthe.com\/index.php?rest_route=\/wp\/v2\/users\/1"}],"replies":[{"embeddable":true,"href":"https:\/\/www.psy-sarthe.com\/index.php?rest_route=%2Fwp%2Fv2%2Fcomments&post=16"}],"version-history":[{"count":19,"href":"https:\/\/www.psy-sarthe.com\/index.php?rest_route=\/wp\/v2\/pages\/16\/revisions"}],"predecessor-version":[{"id":488,"href":"https:\/\/www.psy-sarthe.com\/index.php?rest_route=\/wp\/v2\/pages\/16\/revisions\/488"}],"up":[{"embeddable":true,"href":"https:\/\/www.psy-sarthe.com\/index.php?rest_route=\/wp\/v2\/pages\/7"}],"wp:attachment":[{"href":"https:\/\/www.psy-sarthe.com\/index.php?rest_route=%2Fwp%2Fv2%2Fmedia&parent=16"}],"curies":[{"name":"wp","href":"https:\/\/api.w.org\/{rel}","templated":true}]}}