{"id":19,"date":"2009-01-01T11:11:12","date_gmt":"2009-01-01T09:11:12","guid":{"rendered":"http:\/\/www.psy-sarthe.com\/?page_id=19"},"modified":"2025-05-12T19:54:09","modified_gmt":"2025-05-12T17:54:09","slug":"consultations","status":"publish","type":"page","link":"https:\/\/www.psy-sarthe.com\/?page_id=19","title":{"rendered":"Consultations"},"content":{"rendered":"<p><span style=\"color: #ff6600;\">Fr\u00e9d\u00e9rique Joubert-Yovanovitch et Philippe Chaudemanche ont cess\u00e9 de consulter r\u00e9guli\u00e8rement.<\/span><\/p>\n","protected":false},"excerpt":{"rendered":"<p>Fr\u00e9d\u00e9rique Joubert-Yovanovitch et Philippe Chaudemanche ont cess\u00e9 de consulter r\u00e9guli\u00e8rement.<\/p>\n","protected":false},"author":1,"featured_media":0,"parent":2,"menu_order":3,"comment_status":"closed","ping_status":"open","template":"","meta":{"footnotes":""},"class_list":["post-19","page","type-page","status-publish","hentry"],"_links":{"self":[{"href":"https:\/\/www.psy-sarthe.com\/index.php?rest_route=\/wp\/v2\/pages\/19","targetHints":{"allow":["GET"]}}],"collection":[{"href":"https:\/\/www.psy-sarthe.com\/index.php?rest_route=\/wp\/v2\/pages"}],"about":[{"href":"https:\/\/www.psy-sarthe.com\/index.php?rest_route=\/wp\/v2\/types\/page"}],"author":[{"embeddable":true,"href":"https:\/\/www.psy-sarthe.com\/index.php?rest_route=\/wp\/v2\/users\/1"}],"replies":[{"embeddable":true,"href":"https:\/\/www.psy-sarthe.com\/index.php?rest_route=%2Fwp%2Fv2%2Fcomments&post=19"}],"version-history":[{"count":3,"href":"https:\/\/www.psy-sarthe.com\/index.php?rest_route=\/wp\/v2\/pages\/19\/revisions"}],"predecessor-version":[{"id":492,"href":"https:\/\/www.psy-sarthe.com\/index.php?rest_route=\/wp\/v2\/pages\/19\/revisions\/492"}],"up":[{"embeddable":true,"href":"https:\/\/www.psy-sarthe.com\/index.php?rest_route=\/wp\/v2\/pages\/2"}],"wp:attachment":[{"href":"https:\/\/www.psy-sarthe.com\/index.php?rest_route=%2Fwp%2Fv2%2Fmedia&parent=19"}],"curies":[{"name":"wp","href":"https:\/\/api.w.org\/{rel}","templated":true}]}}