{"id":22,"date":"2017-01-03T11:11:21","date_gmt":"2017-01-03T10:11:21","guid":{"rendered":"http:\/\/www.psy-sarthe.com\/?page_id=22"},"modified":"2019-01-09T15:07:07","modified_gmt":"2019-01-09T14:07:07","slug":"therapie-breve","status":"publish","type":"page","link":"https:\/\/www.psy-sarthe.com\/?page_id=22","title":{"rendered":"Psychoth\u00e9rapie"},"content":{"rendered":"<p><span style=\"color: #ff6600;\">La psychoth\u00e9rapie s&rsquo;int\u00e9resse au sympt\u00f4me, bien s\u00fbr et plus encore aux ressources int\u00e9rieures de l&rsquo;individu et \u00e0 son \u00e9panouissement. Le champ est vaste, chaque m\u00e9thode, psycho-corporelle, analytique, familiale\u2026, offre au patient une vision diff\u00e9rente de cette souffrance, qui peut le lib\u00e9rer de son enfermement et lui ouvrir des perspectives nouvelles. La psychoth\u00e9rapie repose sur la parole, sur la notion de transfert, ainsi que sur une alliance particuli\u00e8re entre le th\u00e9rapeute et son client, bas\u00e9e sur l\u2019empathie.<\/span><\/p>\n<p><span style=\"color: #ff6600;\">Depuis la seconde moiti\u00e9 du XXe si\u00e8cle, le nombre d&rsquo;approches psychoth\u00e9rapiques a cr\u00fb de mani\u00e8re tr\u00e8s importante. De nos jours, il existe trois groupes de psychoth\u00e9rapies qui ont fait l&rsquo;objet d&rsquo;\u00e9valuations selon le mod\u00e8le scientifique : les psychoth\u00e9rapies psychanalytiques (et celles qui en d\u00e9rivent), les th\u00e9rapies cognitivo-comportementales et les th\u00e9rapies syst\u00e9miques.<\/span><\/p>\n<p><span style=\"color: #ff6600;\">Les m\u00e9thodes que nous employons, dans notre cabinet du Mans, reposent sur des outils \u00e9valu\u00e9s et av\u00e9r\u00e9s.<\/span><\/p>\n<p class=\"MsoNormal\" style=\"margin: 0cm 0cm 0pt; mso-margin-top-alt: auto; mso-margin-bottom-alt: auto;\">\n<strong><span style=\"font-family: Georgia; color: #ff6600;\"><span style=\"font-size: small;\">\u00a0<\/span><\/span><\/strong><\/p>\n<div><span style=\"font-family: Georgia; color: #000000;\"><span style=\"font-size: small;\">\u00a0<\/span><\/span><\/div>\n<div><span style=\"font-family: Georgia; color: #000000;\"><span style=\"font-size: small;\">\u00a0<\/span><\/span><\/div>\n<div><span style=\"font-family: Georgia; color: #000000;\"><span style=\"font-size: small;\">\u00a0<\/span><\/span><\/div>\n<p><span style=\"font-family: Georgia; color: #000000;\"><span style=\"font-size: small;\">\u00a0<\/span><\/span><\/p>\n","protected":false},"excerpt":{"rendered":"<p>La psychoth\u00e9rapie s&rsquo;int\u00e9resse au sympt\u00f4me, bien s\u00fbr et plus encore aux ressources int\u00e9rieures de l&rsquo;individu et \u00e0 son \u00e9panouissement. Le champ est vaste, chaque m\u00e9thode, psycho-corporelle, analytique, familiale\u2026, offre au patient une vision diff\u00e9rente de cette souffrance, qui peut le lib\u00e9rer de son enfermement et lui ouvrir des perspectives nouvelles. La psychoth\u00e9rapie repose sur la &hellip; <\/p>\n<p class=\"link-more\"><a href=\"https:\/\/www.psy-sarthe.com\/?page_id=22\" class=\"more-link\">Continuer la lecture<span class=\"screen-reader-text\"> de &laquo;&nbsp;Psychoth\u00e9rapie&nbsp;&raquo;<\/span><\/a><\/p>\n","protected":false},"author":1,"featured_media":0,"parent":4,"menu_order":1,"comment_status":"closed","ping_status":"open","template":"","meta":{"footnotes":""},"class_list":["post-22","page","type-page","status-publish","hentry"],"_links":{"self":[{"href":"https:\/\/www.psy-sarthe.com\/index.php?rest_route=\/wp\/v2\/pages\/22","targetHints":{"allow":["GET"]}}],"collection":[{"href":"https:\/\/www.psy-sarthe.com\/index.php?rest_route=\/wp\/v2\/pages"}],"about":[{"href":"https:\/\/www.psy-sarthe.com\/index.php?rest_route=\/wp\/v2\/types\/page"}],"author":[{"embeddable":true,"href":"https:\/\/www.psy-sarthe.com\/index.php?rest_route=\/wp\/v2\/users\/1"}],"replies":[{"embeddable":true,"href":"https:\/\/www.psy-sarthe.com\/index.php?rest_route=%2Fwp%2Fv2%2Fcomments&post=22"}],"version-history":[{"count":4,"href":"https:\/\/www.psy-sarthe.com\/index.php?rest_route=\/wp\/v2\/pages\/22\/revisions"}],"predecessor-version":[{"id":125,"href":"https:\/\/www.psy-sarthe.com\/index.php?rest_route=\/wp\/v2\/pages\/22\/revisions\/125"}],"up":[{"embeddable":true,"href":"https:\/\/www.psy-sarthe.com\/index.php?rest_route=\/wp\/v2\/pages\/4"}],"wp:attachment":[{"href":"https:\/\/www.psy-sarthe.com\/index.php?rest_route=%2Fwp%2Fv2%2Fmedia&parent=22"}],"curies":[{"name":"wp","href":"https:\/\/api.w.org\/{rel}","templated":true}]}}