{"id":23,"date":"2019-01-01T11:11:45","date_gmt":"2019-01-01T10:11:45","guid":{"rendered":"http:\/\/www.psy-sarthe.com\/?page_id=23"},"modified":"2019-01-09T18:48:27","modified_gmt":"2019-01-09T17:48:27","slug":"premier-contact","status":"publish","type":"page","link":"https:\/\/www.psy-sarthe.com\/?page_id=23","title":{"rendered":"Premier entretien"},"content":{"rendered":"<p><span style=\"color: #ff6600;\">Le premier rendez-vous est un moment tr\u00e8s important pour faire le point et cerner les difficult\u00e9s rencontr\u00e9es par le patient. <\/span><\/p>\n<p><span style=\"color: #ff6600;\">C\u2019est un entretien d\u2019\u00e9valuation qui permet :<\/span><\/p>\n<ul>\n<li><span style=\"color: #ff6600;\">d\u2019examiner et de d\u00e9finir les probl\u00e9matiques rencontr\u00e9es afin de d\u00e9terminer s\u2019il est opportun ou non d\u2019entreprendre une psychoth\u00e9rapie, et d\u2019identifier les outils les plus adapt\u00e9s \u00e0 une solution rapide.<\/span><\/li>\n<li><span style=\"color: #ff6600;\">de faire connaissance et de voir si une compatibilit\u00e9 suffisante peut se mettre en place entre le th\u00e9rapeute et le patient qui vient consulter afin de savoir si un lien de qualit\u00e9 se d\u00e9veloppera et permettra un travail v\u00e9ritablement efficace.<\/span><\/li>\n<li><span style=\"color: #ff6600;\">d\u2019\u00e9valuer ensemble la motivation du patient et son accessibilit\u00e9 au changement.<\/span><\/li>\n<li><span style=\"color: #ff6600;\">de d\u00e9terminer un objectif commun concret en posant un cadre th\u00e9rapeutique initial qui tient compte de la r\u00e9alit\u00e9 et des difficult\u00e9s propres \u00e0 chacun.<\/span><\/li>\n<\/ul>\n","protected":false},"excerpt":{"rendered":"<p>Le premier rendez-vous est un moment tr\u00e8s important pour faire le point et cerner les difficult\u00e9s rencontr\u00e9es par le patient. C\u2019est un entretien d\u2019\u00e9valuation qui permet : d\u2019examiner et de d\u00e9finir les probl\u00e9matiques rencontr\u00e9es afin de d\u00e9terminer s\u2019il est opportun ou non d\u2019entreprendre une psychoth\u00e9rapie, et d\u2019identifier les outils les plus adapt\u00e9s \u00e0 une solution &hellip; <\/p>\n<p class=\"link-more\"><a href=\"https:\/\/www.psy-sarthe.com\/?page_id=23\" class=\"more-link\">Continuer la lecture<span class=\"screen-reader-text\"> de &laquo;&nbsp;Premier entretien&nbsp;&raquo;<\/span><\/a><\/p>\n","protected":false},"author":1,"featured_media":0,"parent":2,"menu_order":2,"comment_status":"closed","ping_status":"open","template":"","meta":{"footnotes":""},"class_list":["post-23","page","type-page","status-publish","hentry"],"_links":{"self":[{"href":"https:\/\/www.psy-sarthe.com\/index.php?rest_route=\/wp\/v2\/pages\/23","targetHints":{"allow":["GET"]}}],"collection":[{"href":"https:\/\/www.psy-sarthe.com\/index.php?rest_route=\/wp\/v2\/pages"}],"about":[{"href":"https:\/\/www.psy-sarthe.com\/index.php?rest_route=\/wp\/v2\/types\/page"}],"author":[{"embeddable":true,"href":"https:\/\/www.psy-sarthe.com\/index.php?rest_route=\/wp\/v2\/users\/1"}],"replies":[{"embeddable":true,"href":"https:\/\/www.psy-sarthe.com\/index.php?rest_route=%2Fwp%2Fv2%2Fcomments&post=23"}],"version-history":[{"count":2,"href":"https:\/\/www.psy-sarthe.com\/index.php?rest_route=\/wp\/v2\/pages\/23\/revisions"}],"predecessor-version":[{"id":262,"href":"https:\/\/www.psy-sarthe.com\/index.php?rest_route=\/wp\/v2\/pages\/23\/revisions\/262"}],"up":[{"embeddable":true,"href":"https:\/\/www.psy-sarthe.com\/index.php?rest_route=\/wp\/v2\/pages\/2"}],"wp:attachment":[{"href":"https:\/\/www.psy-sarthe.com\/index.php?rest_route=%2Fwp%2Fv2%2Fmedia&parent=23"}],"curies":[{"name":"wp","href":"https:\/\/api.w.org\/{rel}","templated":true}]}}