{"id":24,"date":"2017-01-03T11:11:52","date_gmt":"2017-01-03T10:11:52","guid":{"rendered":"http:\/\/www.psy-sarthe.com\/?page_id=24"},"modified":"2025-05-12T19:36:03","modified_gmt":"2025-05-12T17:36:03","slug":"mouvements-oculaires","status":"publish","type":"page","link":"https:\/\/www.psy-sarthe.com\/?page_id=24","title":{"rendered":"EMDR"},"content":{"rendered":"<p><!-- [if gte mso 9]><xml> <w:WordDocument> <w:View>Normal<\/w:View> <w:Zoom>0<\/w:Zoom> <w:HyphenationZone>21<\/w:HyphenationZone> <w:PunctuationKerning \/> <w:ValidateAgainstSchemas \/> <w:SaveIfXMLInvalid>false<\/w:SaveIfXMLInvalid> <w:IgnoreMixedContent>false<\/w:IgnoreMixedContent> <w:AlwaysShowPlaceholderText>false<\/w:AlwaysShowPlaceholderText> <w:Compatibility> <w:BreakWrappedTables \/> <w:SnapToGridInCell \/> <w:WrapTextWithPunct \/> <w:UseAsianBreakRules \/> <w:DontGrowAutofit \/> <\/w:Compatibility> <w:BrowserLevel>MicrosoftInternetExplorer4<\/w:BrowserLevel> <\/w:WordDocument> <\/xml><![endif]--><\/p>\n<p><span style=\"color: #ff6600;\">La th\u00e9rapie par les mouvements oculaires (EMDR) est une technique qui utilise la stimulation sensorielle alternative des deux cot\u00e9s du corps, soit par le mouvement des yeux soit par des stimuli auditifs ou cutan\u00e9s, pour induire une r\u00e9solution rapide des sympt\u00f4mes li\u00e9s \u00e0 des \u00e9v\u00e9nements du pass\u00e9.<\/span><\/p>\n<p><span style=\"color: #ff6600;\">Cette m\u00e9thode est efficace en cas de sympt\u00f4mes post-traumatiques majeurs (accidents, attentats, violences sexuelles, catastrophes naturelles).<\/span><\/p>\n<p><span style=\"color: #ff6600;\">Elle ne s&rsquo;applique pas qu&rsquo;aux grands chocs, mais aussi aux plus petits traumatismes, comme les exp\u00e9riences p\u00e9nibles laissant un souvenir trop empreint de souffrance, les troubles de l&rsquo;adaptation comme les deuils, divorces, difficult\u00e9s au travail\u2026<\/span><\/p>\n<p><span style=\"color: #ff6600;\">Certains \u00e9v\u00e8nements tr\u00e8s douloureux laissent un souvenir dans notre cerveau : \u00e0 chaque \u00e9vocation de ces \u00e9v\u00e8nements, les \u00e9motions et sensations ressenties \u00e0 ce moment du pass\u00e9 sont r\u00e9activ\u00e9es. C&rsquo;est comme si le cerveau n&rsquo;arrivait pas \u00e0 classer l&rsquo;information : la sc\u00e8ne traumatique passe et repasse en boucle avec son cort\u00e8ge d&rsquo;\u00e9motions et de sensations.<\/span><\/p>\n<p><span style=\"color: #ff6600;\">La technique\u00a0EMDR d\u00e9samorce, d\u00e9bloque et lib\u00e8re les exp\u00e9riences traumatiques anciennes de leur charge \u00e9motionnelle et de leurs distorsions cognitives par un retraitement des informations.<\/span><\/p>\n<p><span style=\"color: #ff6600;\">Elle permet \u00e0 l&rsquo;individu de d\u00e9passer la phase traumatique, d&rsquo;en modifier sa perception et de puiser de nouvelles ressources dans sa r\u00e9alit\u00e9 pr\u00e9sente.<\/span><\/p>\n<p><span style=\"color: #ff6600;\">Plus qu&rsquo;un long discours, voici un court reportage, clair et simple, qui permet de comprendre en trois minutes ce que peut faire l&rsquo;EMDR :<\/span><\/p>\n<p>https:\/\/www.youtube.com\/watch?v=BzlkFXzHwCw<\/p>\n<p><span style=\"color: #ff6600;\">Fr\u00e9d\u00e9rique JOUBERT-YOVANOVITCH et Philippe CHAUDEMANCHE ont \u00e9t\u00e9 form\u00e9s, supervis\u00e9s et certifi\u00e9s par EMDR-BRETAGNE \/ HEXAFOR \u00e0 Nantes, sous la direction de M. Jean-Fran\u00e7ois MONFORT.<\/span><\/p>\n<p><!-- [if gte mso 9]><xml> <w:LatentStyles DefLockedState=\"false\" LatentStyleCount=\"156\"> <\/w:LatentStyles> <\/xml><![endif]--><!-- [if gte mso 10]>\n\n\n\n<style>\n \/* Style Definitions *\/<br \/> table.MsoNormalTable<br \/>\t{mso-style-name:\"Tableau Normal\";<br \/>\tmso-tstyle-rowband-size:0;<br \/>\tmso-tstyle-colband-size:0;<br \/>\tmso-style-noshow:yes;<br \/>\tmso-style-parent:\"\";<br \/>\tmso-padding-alt:0cm 5.4pt 0cm 5.4pt;<br \/>\tmso-para-margin:0cm;<br \/>\tmso-para-margin-bottom:.0001pt;<br \/>\tmso-pagination:widow-orphan;<br \/>\tfont-size:10.0pt;<br \/>\tfont-family:\"Times New Roman\";<br \/>\tmso-ansi-language:#0400;<br \/>\tmso-fareast-language:#0400;<br \/>\tmso-bidi-language:#0400;}<br \/><\/style>\n\n\n\n<![endif]--><\/p>\n","protected":false},"excerpt":{"rendered":"<p>La th\u00e9rapie par les mouvements oculaires (EMDR) est une technique qui utilise la stimulation sensorielle alternative des deux cot\u00e9s du corps, soit par le mouvement des yeux soit par des stimuli auditifs ou cutan\u00e9s, pour induire une r\u00e9solution rapide des sympt\u00f4mes li\u00e9s \u00e0 des \u00e9v\u00e9nements du pass\u00e9. Cette m\u00e9thode est efficace en cas de sympt\u00f4mes &hellip; <\/p>\n<p class=\"link-more\"><a href=\"https:\/\/www.psy-sarthe.com\/?page_id=24\" class=\"more-link\">Continuer la lecture<span class=\"screen-reader-text\"> de &laquo;&nbsp;EMDR&nbsp;&raquo;<\/span><\/a><\/p>\n","protected":false},"author":1,"featured_media":0,"parent":4,"menu_order":4,"comment_status":"closed","ping_status":"open","template":"","meta":{"footnotes":""},"class_list":["post-24","page","type-page","status-publish","hentry"],"_links":{"self":[{"href":"https:\/\/www.psy-sarthe.com\/index.php?rest_route=\/wp\/v2\/pages\/24","targetHints":{"allow":["GET"]}}],"collection":[{"href":"https:\/\/www.psy-sarthe.com\/index.php?rest_route=\/wp\/v2\/pages"}],"about":[{"href":"https:\/\/www.psy-sarthe.com\/index.php?rest_route=\/wp\/v2\/types\/page"}],"author":[{"embeddable":true,"href":"https:\/\/www.psy-sarthe.com\/index.php?rest_route=\/wp\/v2\/users\/1"}],"replies":[{"embeddable":true,"href":"https:\/\/www.psy-sarthe.com\/index.php?rest_route=%2Fwp%2Fv2%2Fcomments&post=24"}],"version-history":[{"count":5,"href":"https:\/\/www.psy-sarthe.com\/index.php?rest_route=\/wp\/v2\/pages\/24\/revisions"}],"predecessor-version":[{"id":491,"href":"https:\/\/www.psy-sarthe.com\/index.php?rest_route=\/wp\/v2\/pages\/24\/revisions\/491"}],"up":[{"embeddable":true,"href":"https:\/\/www.psy-sarthe.com\/index.php?rest_route=\/wp\/v2\/pages\/4"}],"wp:attachment":[{"href":"https:\/\/www.psy-sarthe.com\/index.php?rest_route=%2Fwp%2Fv2%2Fmedia&parent=24"}],"curies":[{"name":"wp","href":"https:\/\/api.w.org\/{rel}","templated":true}]}}