{"id":295,"date":"2019-01-10T09:27:52","date_gmt":"2019-01-10T08:27:52","guid":{"rendered":"http:\/\/www.psy-sarthe.com\/?page_id=295"},"modified":"2019-01-26T09:25:20","modified_gmt":"2019-01-26T08:25:20","slug":"comprendre","status":"publish","type":"page","link":"https:\/\/www.psy-sarthe.com\/?page_id=295","title":{"rendered":"Savoir"},"content":{"rendered":"<p><span style=\"color: #ff6600;\">Cette section est consacr\u00e9e \u00e0 la d\u00e9couverte des grands noms et des grands principes de l&rsquo;hypnose th\u00e9rapeutique. Elle n&rsquo;est, bien entendu, pas exhaustive, et n&rsquo;a pas d&rsquo;autre intention que de tenter de pr\u00e9senter, clairement et simplement, les grands traits, historiques et modernes, de cet \u00ab\u00a0outil extraordinaire\u00a0\u00bb.<br \/>\n<\/span><\/p>\n","protected":false},"excerpt":{"rendered":"<p>Cette section est consacr\u00e9e \u00e0 la d\u00e9couverte des grands noms et des grands principes de l&rsquo;hypnose th\u00e9rapeutique. Elle n&rsquo;est, bien entendu, pas exhaustive, et n&rsquo;a pas d&rsquo;autre intention que de tenter de pr\u00e9senter, clairement et simplement, les grands traits, historiques et modernes, de cet \u00ab\u00a0outil extraordinaire\u00a0\u00bb.<\/p>\n","protected":false},"author":1,"featured_media":0,"parent":0,"menu_order":0,"comment_status":"closed","ping_status":"closed","template":"","meta":{"footnotes":""},"class_list":["post-295","page","type-page","status-publish","hentry"],"_links":{"self":[{"href":"https:\/\/www.psy-sarthe.com\/index.php?rest_route=\/wp\/v2\/pages\/295","targetHints":{"allow":["GET"]}}],"collection":[{"href":"https:\/\/www.psy-sarthe.com\/index.php?rest_route=\/wp\/v2\/pages"}],"about":[{"href":"https:\/\/www.psy-sarthe.com\/index.php?rest_route=\/wp\/v2\/types\/page"}],"author":[{"embeddable":true,"href":"https:\/\/www.psy-sarthe.com\/index.php?rest_route=\/wp\/v2\/users\/1"}],"replies":[{"embeddable":true,"href":"https:\/\/www.psy-sarthe.com\/index.php?rest_route=%2Fwp%2Fv2%2Fcomments&post=295"}],"version-history":[{"count":4,"href":"https:\/\/www.psy-sarthe.com\/index.php?rest_route=\/wp\/v2\/pages\/295\/revisions"}],"predecessor-version":[{"id":359,"href":"https:\/\/www.psy-sarthe.com\/index.php?rest_route=\/wp\/v2\/pages\/295\/revisions\/359"}],"wp:attachment":[{"href":"https:\/\/www.psy-sarthe.com\/index.php?rest_route=%2Fwp%2Fv2%2Fmedia&parent=295"}],"curies":[{"name":"wp","href":"https:\/\/api.w.org\/{rel}","templated":true}]}}