{"id":3,"date":"2009-01-01T11:11:54","date_gmt":"2009-01-01T09:11:54","guid":{"rendered":"http:\/\/www.psy-sarthe.com\/?page_id=3"},"modified":"2019-01-09T17:41:14","modified_gmt":"2019-01-09T16:41:14","slug":"nos-savoir-faire","status":"publish","type":"page","link":"https:\/\/www.psy-sarthe.com\/?page_id=3","title":{"rendered":"Pour qui ?"},"content":{"rendered":"\n<p class=\"has-drop-cap\"><span style=\"color: #ff6600;\">La&nbsp; psychoth\u00e9rapie est une m\u00e9thode qui vise \u00e0 soigner (th\u00e9rapie) l\u2019esprit (psych\u00ea). C\u2019est une m\u00e9thode qui a pour objectif de gu\u00e9rir les traumatismes, les blessures du pass\u00e9 qui continuent \u00e0 \u0153uvrer consciemment ou inconsciemment dans la vie du sujet.<\/span><\/p>\n\n\n\n<p><span style=\"color: #ff6600;\">C\u2019est un processus de transformation, un v\u00e9ritable cheminement personnel qui vise \u00e0 devenir soi-m\u00eame \u00e0 ce r\u00e9concilier avec la vie. C\u2019est un chemin vers la confiance en soi, l\u2019amour de soi et l\u2019ouverture aux autres.<\/span><\/p>\n\n\n\n<p><span style=\"color: #ff6600;\">Toute personne, quel que soit son \u00e2ge, son milieu social, sa difficult\u00e9 ou sa vie peut entreprendre une psychoth\u00e9rapie. Il existe des pratiques diff\u00e9rentes mais toutes visent finalement le m\u00eame objectif, celui de soulager l\u2019\u00eatre humain de sa souffrance.<\/span><\/p>\n\n\n\n<p><span style=\"color: #ff6600;\">Au fur et \u00e0 mesure de son processus th\u00e9rapeutique, la personne&nbsp; va pouvoir se dire, s\u2019exprimer, mettre des mots sur ce qu\u2019elle ressent, sur ce qu\u2019elle n\u2019a jamais pu dire ou oser dire. Petit \u00e0 petit la personne prend conscience de son histoire, de son fonctionnement. Elle fait des liens entre son histoire pass\u00e9e et sa vie d\u2019aujourd\u2019hui. Elle comprend que son mal-\u00eatre d\u2019aujourd\u2019hui est li\u00e9&nbsp; \u00e0 des&nbsp; intrications familiales compliqu\u00e9es, des secrets de famille, des r\u00e9p\u00e9titions trans-g\u00e9n\u00e9rationnelles.<\/span><\/p>\n","protected":false},"excerpt":{"rendered":"<p>La&nbsp; psychoth\u00e9rapie est une m\u00e9thode qui vise \u00e0 soigner (th\u00e9rapie) l\u2019esprit (psych\u00ea). C\u2019est une m\u00e9thode qui a pour objectif de gu\u00e9rir les traumatismes, les blessures du pass\u00e9 qui continuent \u00e0 \u0153uvrer consciemment ou inconsciemment dans la vie du sujet. C\u2019est un processus de transformation, un v\u00e9ritable cheminement personnel qui vise \u00e0 devenir soi-m\u00eame \u00e0 ce &hellip; <\/p>\n<p class=\"link-more\"><a href=\"https:\/\/www.psy-sarthe.com\/?page_id=3\" class=\"more-link\">Continuer la lecture<span class=\"screen-reader-text\"> de &laquo;&nbsp;Pour qui ?&nbsp;&raquo;<\/span><\/a><\/p>\n","protected":false},"author":1,"featured_media":0,"parent":0,"menu_order":1,"comment_status":"closed","ping_status":"open","template":"","meta":{"footnotes":""},"class_list":["post-3","page","type-page","status-publish","hentry"],"_links":{"self":[{"href":"https:\/\/www.psy-sarthe.com\/index.php?rest_route=\/wp\/v2\/pages\/3","targetHints":{"allow":["GET"]}}],"collection":[{"href":"https:\/\/www.psy-sarthe.com\/index.php?rest_route=\/wp\/v2\/pages"}],"about":[{"href":"https:\/\/www.psy-sarthe.com\/index.php?rest_route=\/wp\/v2\/types\/page"}],"author":[{"embeddable":true,"href":"https:\/\/www.psy-sarthe.com\/index.php?rest_route=\/wp\/v2\/users\/1"}],"replies":[{"embeddable":true,"href":"https:\/\/www.psy-sarthe.com\/index.php?rest_route=%2Fwp%2Fv2%2Fcomments&post=3"}],"version-history":[{"count":4,"href":"https:\/\/www.psy-sarthe.com\/index.php?rest_route=\/wp\/v2\/pages\/3\/revisions"}],"predecessor-version":[{"id":206,"href":"https:\/\/www.psy-sarthe.com\/index.php?rest_route=\/wp\/v2\/pages\/3\/revisions\/206"}],"wp:attachment":[{"href":"https:\/\/www.psy-sarthe.com\/index.php?rest_route=%2Fwp%2Fv2%2Fmedia&parent=3"}],"curies":[{"name":"wp","href":"https:\/\/api.w.org\/{rel}","templated":true}]}}