{"id":34,"date":"2019-01-01T11:11:19","date_gmt":"2019-01-01T10:11:19","guid":{"rendered":"http:\/\/www.psy-sarthe.com\/?page_id=34"},"modified":"2019-01-09T18:10:01","modified_gmt":"2019-01-09T17:10:01","slug":"troubles-sexuels","status":"publish","type":"page","link":"https:\/\/www.psy-sarthe.com\/?page_id=34","title":{"rendered":"Troubles sexuels"},"content":{"rendered":"<p><span style=\"color: #ff6600;\">Les troubles de la sexualit\u00e9 sont caract\u00e9ris\u00e9s par une perturbation du d\u00e9sir sexuel et du d\u00e9roulement de la r\u00e9ponse sexuelle, et sont \u00e0 l&rsquo;origine d&rsquo;une souffrance marqu\u00e9e. Les troubles sexuels incluent les troubles du d\u00e9sir sexuel, les troubles de l&rsquo;excitation sexuelle, les troubles de l&rsquo;orgasme, et les troubles sexuels avec douleurs.<\/span><\/p>\n<p><span style=\"color: #ff6600;\">Chez les Hommes, les troubles de la sexualit\u00e9 les plus courants sont :<\/span><\/p>\n<ul>\n<li><span style=\"color: #ff6600;\">L&rsquo;impuissance sexuelle ou dysfonction \u00e9rectile consiste, soit dans l&rsquo;impossibilit\u00e9 durable d&rsquo; obtenir une \u00e9rection valable, soit de ne pouvoir la maintenir si elle est obtenue avec une rigidit\u00e9 p\u00e9nienne suffisante pour l&rsquo;accomplissement de l&rsquo;acte sexuel au moment pr\u00e9cis de la p\u00e9n\u00e9tration vaginale.<\/span><\/li>\n<li><span style=\"color: #ff6600;\">L&rsquo;\u00e9jaculation pr\u00e9coce est une \u00e9jaculation qui survient en moins de 3 minutes apr\u00e8s le d\u00e9but de la stimulation sexuelle. La personne souffrant r\u00e9ellement d&rsquo;\u00e9jaculation pr\u00e9coce est celle qui \u00e9jacule syst\u00e9matiquement en moins d&rsquo;une ou deux minutes. Apr\u00e8s, \u00e0 partir de trois ou quatre minutes, il s&rsquo;agit seulement d&rsquo;hommes qui se laissent aller \u00e0 leur plaisir. Bien que les femmes n&rsquo;\u00e9jaculent pas syst\u00e9matiquement, elles peuvent aussi souffrir du fait d&rsquo;avoir trop rapidement leur orgasme. Le vrai probl\u00e8me de l&rsquo;\u00e9jaculation pr\u00e9coce est pour ceux qui ont mis en place le cercle vicieux de l&rsquo;\u00e9chec et qui se laissent syst\u00e9matiquement surprendre par leur \u00e9jaculation.<\/span><\/li>\n<\/ul>\n<p><span style=\"color: #ff6600;\">Chez les Femmes, les troubles de la sexualit\u00e9 les plus courants sont :<\/span><\/p>\n<ul>\n<li><span style=\"color: #ff6600;\">La frigidit\u00e9 (du latin frigidus, ce qui est froid) est une notion bien connue qui n&rsquo;est pas forc\u00e9ment pr\u00e9cise : l&rsquo;acception habituelle d\u00e9signe l&rsquo;absence de plaisir lors des relations sexuelles.<\/span><\/li>\n<li><span style=\"color: #ff6600;\">Le vaginisme est une contraction musculaire prolong\u00e9e ou r\u00e9currente des muscles du plancher pelvien qui entourent l&rsquo;ouverture du vagin. Cette action r\u00e9flexe, donc absolument involontaire et incontr\u00f4lable, emp\u00eache de fa\u00e7on persistante toute p\u00e9n\u00e9tration vaginale.<\/span><\/li>\n<\/ul>\n<p><span style=\"color: #ff6600;\">Il existe cependant bien d&rsquo;autres troubles, comme l&rsquo;inapp\u00e9tence sexuelle, les troubles li\u00e9s \u00e0 l&rsquo;identit\u00e9 sexuelle ou aux orientations.<\/span><\/p>\n<p><span style=\"color: #ff6600;\">Le point commun de tous ces troubles est qu&rsquo;ils ont \u00e0 80 % une cause d&rsquo;ordre psychique ou p\u00e9ri-psychique que le travail psychoth\u00e9rapeutique permet d&rsquo;am\u00e9liorer rapidement.<\/span><\/p>\n","protected":false},"excerpt":{"rendered":"<p>Les troubles de la sexualit\u00e9 sont caract\u00e9ris\u00e9s par une perturbation du d\u00e9sir sexuel et du d\u00e9roulement de la r\u00e9ponse sexuelle, et sont \u00e0 l&rsquo;origine d&rsquo;une souffrance marqu\u00e9e. Les troubles sexuels incluent les troubles du d\u00e9sir sexuel, les troubles de l&rsquo;excitation sexuelle, les troubles de l&rsquo;orgasme, et les troubles sexuels avec douleurs. Chez les Hommes, les &hellip; <\/p>\n<p class=\"link-more\"><a href=\"https:\/\/www.psy-sarthe.com\/?page_id=34\" class=\"more-link\">Continuer la lecture<span class=\"screen-reader-text\"> de &laquo;&nbsp;Troubles sexuels&nbsp;&raquo;<\/span><\/a><\/p>\n","protected":false},"author":1,"featured_media":0,"parent":5,"menu_order":7,"comment_status":"closed","ping_status":"open","template":"","meta":{"footnotes":""},"class_list":["post-34","page","type-page","status-publish","hentry"],"_links":{"self":[{"href":"https:\/\/www.psy-sarthe.com\/index.php?rest_route=\/wp\/v2\/pages\/34","targetHints":{"allow":["GET"]}}],"collection":[{"href":"https:\/\/www.psy-sarthe.com\/index.php?rest_route=\/wp\/v2\/pages"}],"about":[{"href":"https:\/\/www.psy-sarthe.com\/index.php?rest_route=\/wp\/v2\/types\/page"}],"author":[{"embeddable":true,"href":"https:\/\/www.psy-sarthe.com\/index.php?rest_route=\/wp\/v2\/users\/1"}],"replies":[{"embeddable":true,"href":"https:\/\/www.psy-sarthe.com\/index.php?rest_route=%2Fwp%2Fv2%2Fcomments&post=34"}],"version-history":[{"count":2,"href":"https:\/\/www.psy-sarthe.com\/index.php?rest_route=\/wp\/v2\/pages\/34\/revisions"}],"predecessor-version":[{"id":230,"href":"https:\/\/www.psy-sarthe.com\/index.php?rest_route=\/wp\/v2\/pages\/34\/revisions\/230"}],"up":[{"embeddable":true,"href":"https:\/\/www.psy-sarthe.com\/index.php?rest_route=\/wp\/v2\/pages\/5"}],"wp:attachment":[{"href":"https:\/\/www.psy-sarthe.com\/index.php?rest_route=%2Fwp%2Fv2%2Fmedia&parent=34"}],"curies":[{"name":"wp","href":"https:\/\/api.w.org\/{rel}","templated":true}]}}