{"id":348,"date":"2019-01-10T19:06:08","date_gmt":"2019-01-10T18:06:08","guid":{"rendered":"http:\/\/www.psy-sarthe.com\/?page_id=348"},"modified":"2019-09-17T18:56:13","modified_gmt":"2019-09-17T16:56:13","slug":"pierre-janet","status":"publish","type":"page","link":"https:\/\/www.psy-sarthe.com\/?page_id=348","title":{"rendered":"Pierre Janet"},"content":{"rendered":"<p><span style=\"color: #ff6600;\"><img loading=\"lazy\" decoding=\"async\" class=\" wp-image-351 alignleft\" src=\"http:\/\/www.psy-sarthe.com\/wp-content\/uploads\/2019\/01\/pierre-janet.jpg\" alt=\"\" width=\"211\" height=\"211\" srcset=\"https:\/\/www.psy-sarthe.com\/wp-content\/uploads\/2019\/01\/pierre-janet.jpg 320w, https:\/\/www.psy-sarthe.com\/wp-content\/uploads\/2019\/01\/pierre-janet-150x150.jpg 150w, https:\/\/www.psy-sarthe.com\/wp-content\/uploads\/2019\/01\/pierre-janet-300x300.jpg 300w, https:\/\/www.psy-sarthe.com\/wp-content\/uploads\/2019\/01\/pierre-janet-100x100.jpg 100w\" sizes=\"auto, (max-width: 211px) 100vw, 211px\" \/>Pierre Janet, n\u00e9 le 30 mai 1859 \u00e0 Paris, est d&rsquo;abord un philosophe, puis un psychologue et enfin un m\u00e9decin fran\u00e7ais.<br \/>\n<\/span><\/p>\n<p><span style=\"color: #ff6600;\">Sa carri\u00e8re est favoris\u00e9e par un triple parrainage : celui de son oncle Paul Janet (1823-1899), philosophe universitaire influent, celui de Th\u00e9odule Ribot (1839-1916) qui oriente la premi\u00e8re psychologie fran\u00e7aise vers la pathologie mentale, et celui de Jean Martin Charcot (1825-1893) qui l\u2019accueille dans son service de la Salp\u00eatri\u00e8re. Il succ\u00e8de \u00e0 T. Ribot au Coll\u00e8ge de France en 1902 et jusqu\u2019\u00e0 la Seconde Guerre mondiale, est consid\u00e9r\u00e9 comme le plus prestigieux des psychologues fran\u00e7ais.<\/span><\/p>\n<p><span style=\"color: #ff6600;\">L&rsquo;\u0153uvre de Janet, qui, malgr\u00e9 son importance consid\u00e9rable, est assez n\u00e9glig\u00e9e par les psychopathologistes contemporains, porte sur trois domaines principaux : \u00e9tude des n\u00e9vroses, psychologie des conduites, psychopathologie sociale. La premi\u00e8re, que Janet entreprit dans le service de Charcot, et en collaboration avec Raymond, comporte de remarquables descriptions cliniques et psychopathologiques de l&rsquo;hyst\u00e9rie, des phobies, des obsessions ; Janet isole, en particulier, une nouvelle entit\u00e9 morbide, la psychasth\u00e9nie, dont Freud fera la n\u00e9vrose obsessionnelle.<\/span><\/p>\n<p><span style=\"color: #ff6600;\">Selon Thierry Melchior, \u00ab <em>Janet fut probablement le th\u00e9oricien de l&rsquo;hypnose et l&rsquo;hypnoth\u00e9rapeute le plus int\u00e9ressant de cette \u00e9poque<\/em> \u00bb<\/span><\/p>\n","protected":false},"excerpt":{"rendered":"<p>Pierre Janet, n\u00e9 le 30 mai 1859 \u00e0 Paris, est d&rsquo;abord un philosophe, puis un psychologue et enfin un m\u00e9decin fran\u00e7ais. Sa carri\u00e8re est favoris\u00e9e par un triple parrainage : celui de son oncle Paul Janet (1823-1899), philosophe universitaire influent, celui de Th\u00e9odule Ribot (1839-1916) qui oriente la premi\u00e8re psychologie fran\u00e7aise vers la pathologie mentale, &hellip; <\/p>\n<p class=\"link-more\"><a href=\"https:\/\/www.psy-sarthe.com\/?page_id=348\" class=\"more-link\">Continuer la lecture<span class=\"screen-reader-text\"> de &laquo;&nbsp;Pierre Janet&nbsp;&raquo;<\/span><\/a><\/p>\n","protected":false},"author":1,"featured_media":0,"parent":0,"menu_order":0,"comment_status":"closed","ping_status":"closed","template":"","meta":{"footnotes":""},"class_list":["post-348","page","type-page","status-publish","hentry"],"_links":{"self":[{"href":"https:\/\/www.psy-sarthe.com\/index.php?rest_route=\/wp\/v2\/pages\/348","targetHints":{"allow":["GET"]}}],"collection":[{"href":"https:\/\/www.psy-sarthe.com\/index.php?rest_route=\/wp\/v2\/pages"}],"about":[{"href":"https:\/\/www.psy-sarthe.com\/index.php?rest_route=\/wp\/v2\/types\/page"}],"author":[{"embeddable":true,"href":"https:\/\/www.psy-sarthe.com\/index.php?rest_route=\/wp\/v2\/users\/1"}],"replies":[{"embeddable":true,"href":"https:\/\/www.psy-sarthe.com\/index.php?rest_route=%2Fwp%2Fv2%2Fcomments&post=348"}],"version-history":[{"count":5,"href":"https:\/\/www.psy-sarthe.com\/index.php?rest_route=\/wp\/v2\/pages\/348\/revisions"}],"predecessor-version":[{"id":465,"href":"https:\/\/www.psy-sarthe.com\/index.php?rest_route=\/wp\/v2\/pages\/348\/revisions\/465"}],"wp:attachment":[{"href":"https:\/\/www.psy-sarthe.com\/index.php?rest_route=%2Fwp%2Fv2%2Fmedia&parent=348"}],"curies":[{"name":"wp","href":"https:\/\/api.w.org\/{rel}","templated":true}]}}