{"id":4,"date":"2009-01-01T11:11:15","date_gmt":"2009-01-01T09:11:15","guid":{"rendered":"http:\/\/www.psy-sarthe.com\/?page_id=4"},"modified":"2019-01-09T16:23:48","modified_gmt":"2019-01-09T15:23:48","slug":"nos-methodes","status":"publish","type":"page","link":"https:\/\/www.psy-sarthe.com\/?page_id=4","title":{"rendered":"Comment ?"},"content":{"rendered":"<p><span style=\"color: #ff6600;\">Le travail psychoth\u00e9rapeutique peut prendre diff\u00e9rentes formes, et ses modalit\u00e9s sont les suivantes :<\/span><\/p>\n<ul>\n<li><span style=\"color: #ff6600;\">Travail en entretien individuel (une heure).<\/span><\/li>\n<li><span style=\"color: #ff6600;\">Travail en entretien de couple (de une \u00e0 trois heures).<\/span><\/li>\n<li><span style=\"color: #ff6600;\">Travail en groupe (groupe de 3 heures en semaine, une journ\u00e9e en week-end).<\/span><\/li>\n<li><span style=\"color: #ff6600;\">Session intensive (individuel ou couple, en demi-journ\u00e9e).<\/span><\/li>\n<\/ul>\n<p><span style=\"color: #ff6600;\">La forme la plus courante de ce travail a lieu en entretien individuel d&rsquo;une heure, selon une p\u00e9riodicit\u00e9 qui sera d\u00e9finie entre le patient et son th\u00e9rapeute.<\/span><\/p>\n<p><span style=\"color: #ff6600;\">Toutefois, une session intensive (le plus souvent une demi-journ\u00e9e de trois ou quatre heures) peut permettre un travail ponctuel important tr\u00e8s utile pour traiter des situations pr\u00e9cises.<\/span><\/p>\n","protected":false},"excerpt":{"rendered":"<p>Le travail psychoth\u00e9rapeutique peut prendre diff\u00e9rentes formes, et ses modalit\u00e9s sont les suivantes : Travail en entretien individuel (une heure). Travail en entretien de couple (de une \u00e0 trois heures). Travail en groupe (groupe de 3 heures en semaine, une journ\u00e9e en week-end). Session intensive (individuel ou couple, en demi-journ\u00e9e). La forme la plus courante &hellip; <\/p>\n<p class=\"link-more\"><a href=\"https:\/\/www.psy-sarthe.com\/?page_id=4\" class=\"more-link\">Continuer la lecture<span class=\"screen-reader-text\"> de &laquo;&nbsp;Comment ?&nbsp;&raquo;<\/span><\/a><\/p>\n","protected":false},"author":1,"featured_media":0,"parent":0,"menu_order":4,"comment_status":"closed","ping_status":"open","template":"","meta":{"footnotes":""},"class_list":["post-4","page","type-page","status-publish","hentry"],"_links":{"self":[{"href":"https:\/\/www.psy-sarthe.com\/index.php?rest_route=\/wp\/v2\/pages\/4","targetHints":{"allow":["GET"]}}],"collection":[{"href":"https:\/\/www.psy-sarthe.com\/index.php?rest_route=\/wp\/v2\/pages"}],"about":[{"href":"https:\/\/www.psy-sarthe.com\/index.php?rest_route=\/wp\/v2\/types\/page"}],"author":[{"embeddable":true,"href":"https:\/\/www.psy-sarthe.com\/index.php?rest_route=\/wp\/v2\/users\/1"}],"replies":[{"embeddable":true,"href":"https:\/\/www.psy-sarthe.com\/index.php?rest_route=%2Fwp%2Fv2%2Fcomments&post=4"}],"version-history":[{"count":1,"href":"https:\/\/www.psy-sarthe.com\/index.php?rest_route=\/wp\/v2\/pages\/4\/revisions"}],"predecessor-version":[{"id":185,"href":"https:\/\/www.psy-sarthe.com\/index.php?rest_route=\/wp\/v2\/pages\/4\/revisions\/185"}],"wp:attachment":[{"href":"https:\/\/www.psy-sarthe.com\/index.php?rest_route=%2Fwp%2Fv2%2Fmedia&parent=4"}],"curies":[{"name":"wp","href":"https:\/\/api.w.org\/{rel}","templated":true}]}}