{"id":403,"date":"2019-09-17T14:58:16","date_gmt":"2019-09-17T12:58:16","guid":{"rendered":"http:\/\/www.psy-sarthe.com\/?page_id=403"},"modified":"2019-09-17T15:06:59","modified_gmt":"2019-09-17T13:06:59","slug":"franz-anton-mesmer","status":"publish","type":"page","link":"https:\/\/www.psy-sarthe.com\/?page_id=403","title":{"rendered":"Franz-Anton Mesmer"},"content":{"rendered":"<p><span style=\"color: #ff6600;\"><img loading=\"lazy\" decoding=\"async\" class=\" wp-image-405 alignleft\" src=\"http:\/\/www.psy-sarthe.com\/wp-content\/uploads\/2019\/09\/franz-anton-mesmer-239x300.jpg\" alt=\"\" width=\"124\" height=\"156\" srcset=\"https:\/\/www.psy-sarthe.com\/wp-content\/uploads\/2019\/09\/franz-anton-mesmer-239x300.jpg 239w, https:\/\/www.psy-sarthe.com\/wp-content\/uploads\/2019\/09\/franz-anton-mesmer-768x962.jpg 768w, https:\/\/www.psy-sarthe.com\/wp-content\/uploads\/2019\/09\/franz-anton-mesmer-817x1024.jpg 817w, https:\/\/www.psy-sarthe.com\/wp-content\/uploads\/2019\/09\/franz-anton-mesmer.jpg 1900w\" sizes=\"auto, (max-width: 124px) 100vw, 124px\" \/>Franz Anton Mesmer, n\u00e9 le 23 mai 1734 \u00e0 Iznang et mort le 5 mars 1815 \u00e0 Meersburg, est un m\u00e9decin allemand, fondateur de la th\u00e9orie du magn\u00e9tisme animal, aussi connue sous le nom de mesm\u00e9risme.<\/span><\/p>\n<p><span style=\"color: #ff6600;\">Ses th\u00e8ses principales sont :<\/span><\/p>\n<ul>\n<li><span style=\"color: #ff6600;\">un fluide physique subtil emplit l&rsquo;univers, servant d&rsquo;interm\u00e9diaire entre l&rsquo;homme, la terre et les corps c\u00e9lestes, et entre les hommes eux-m\u00eames ;<\/span><\/li>\n<li><span style=\"color: #ff6600;\">la maladie r\u00e9sulte d&rsquo;une mauvaise r\u00e9partition de ce fluide dans le corps humain et la gu\u00e9rison revient \u00e0 restaurer cet \u00e9quilibre perdu ;<\/span><\/li>\n<li><span style=\"color: #ff6600;\">gr\u00e2ce \u00e0 des techniques, ce fluide est susceptible d&rsquo;\u00eatre canalis\u00e9, emmagasin\u00e9 et transmis \u00e0 d&rsquo;autres personnes, provoquant des \u00ab crises \u00bb chez les malades pour les gu\u00e9rir.<\/span><\/li>\n<\/ul>\n<p><span style=\"color: #ff6600;\">Selon Mesmer, le magn\u00e9tisme animal est la capacit\u00e9 de tout homme \u00e0 gu\u00e9rir son prochain gr\u00e2ce \u00e0 un \u00ab fluide naturel \u00bb dont le magn\u00e9tiseur serait la source, et qu&rsquo;il diffuserait gr\u00e2ce \u00e0 des \u00ab passes \u00bb,\u00a0 dites \u00ab passes mesm\u00e9riennes \u00bb, sur tout le corps. Bient\u00f4t, Paris se divise entre ceux qui pensent que Mesmer \u00e9tait un charlatan forc\u00e9 de fuir Vienne et ceux pensant qu&rsquo;il avait fait une grande d\u00e9couverte.<\/span><\/p>\n<p><span style=\"color: #ff6600;\">\u00a0<\/span><\/p>\n","protected":false},"excerpt":{"rendered":"<p>Franz Anton Mesmer, n\u00e9 le 23 mai 1734 \u00e0 Iznang et mort le 5 mars 1815 \u00e0 Meersburg, est un m\u00e9decin allemand, fondateur de la th\u00e9orie du magn\u00e9tisme animal, aussi connue sous le nom de mesm\u00e9risme. Ses th\u00e8ses principales sont : un fluide physique subtil emplit l&rsquo;univers, servant d&rsquo;interm\u00e9diaire entre l&rsquo;homme, la terre et les &hellip; <\/p>\n<p class=\"link-more\"><a href=\"https:\/\/www.psy-sarthe.com\/?page_id=403\" class=\"more-link\">Continuer la lecture<span class=\"screen-reader-text\"> de &laquo;&nbsp;Franz-Anton Mesmer&nbsp;&raquo;<\/span><\/a><\/p>\n","protected":false},"author":1,"featured_media":0,"parent":0,"menu_order":0,"comment_status":"closed","ping_status":"closed","template":"","meta":{"footnotes":""},"class_list":["post-403","page","type-page","status-publish","hentry"],"_links":{"self":[{"href":"https:\/\/www.psy-sarthe.com\/index.php?rest_route=\/wp\/v2\/pages\/403","targetHints":{"allow":["GET"]}}],"collection":[{"href":"https:\/\/www.psy-sarthe.com\/index.php?rest_route=\/wp\/v2\/pages"}],"about":[{"href":"https:\/\/www.psy-sarthe.com\/index.php?rest_route=\/wp\/v2\/types\/page"}],"author":[{"embeddable":true,"href":"https:\/\/www.psy-sarthe.com\/index.php?rest_route=\/wp\/v2\/users\/1"}],"replies":[{"embeddable":true,"href":"https:\/\/www.psy-sarthe.com\/index.php?rest_route=%2Fwp%2Fv2%2Fcomments&post=403"}],"version-history":[{"count":3,"href":"https:\/\/www.psy-sarthe.com\/index.php?rest_route=\/wp\/v2\/pages\/403\/revisions"}],"predecessor-version":[{"id":408,"href":"https:\/\/www.psy-sarthe.com\/index.php?rest_route=\/wp\/v2\/pages\/403\/revisions\/408"}],"wp:attachment":[{"href":"https:\/\/www.psy-sarthe.com\/index.php?rest_route=%2Fwp%2Fv2%2Fmedia&parent=403"}],"curies":[{"name":"wp","href":"https:\/\/api.w.org\/{rel}","templated":true}]}}