{"id":409,"date":"2019-09-17T15:10:48","date_gmt":"2019-09-17T13:10:48","guid":{"rendered":"http:\/\/www.psy-sarthe.com\/?page_id=409"},"modified":"2019-09-17T15:20:12","modified_gmt":"2019-09-17T13:20:12","slug":"puysegur","status":"publish","type":"page","link":"https:\/\/www.psy-sarthe.com\/?page_id=409","title":{"rendered":"Puys\u00e9gur"},"content":{"rendered":"<p><span style=\"color: #ff6600;\"><img loading=\"lazy\" decoding=\"async\" class=\" wp-image-410 alignleft\" src=\"http:\/\/www.psy-sarthe.com\/wp-content\/uploads\/2019\/09\/De_Puysegur-235x300.jpg\" alt=\"\" width=\"170\" height=\"217\" srcset=\"https:\/\/www.psy-sarthe.com\/wp-content\/uploads\/2019\/09\/De_Puysegur-235x300.jpg 235w, https:\/\/www.psy-sarthe.com\/wp-content\/uploads\/2019\/09\/De_Puysegur-768x978.jpg 768w, https:\/\/www.psy-sarthe.com\/wp-content\/uploads\/2019\/09\/De_Puysegur-804x1024.jpg 804w, https:\/\/www.psy-sarthe.com\/wp-content\/uploads\/2019\/09\/De_Puysegur.jpg 905w\" sizes=\"auto, (max-width: 170px) 100vw, 170px\" \/>Amand Marie Jacques de Chastenet, marquis de Puys\u00e9gur (1751-1825), est un officier-g\u00e9n\u00e9ral d&rsquo;artillerie, connu pour ses exp\u00e9riences retranscrites de la pratique du magn\u00e9tisme animal sur l&rsquo;homme.<\/span><\/p>\n<p><span style=\"color: #ff6600;\">Comme ses deux plus jeunes fr\u00e8res, Jacques Maxime (1755-1848) et Antoine-Hyacinthe (1752-1809), Puys\u00e9gur est l&rsquo;\u00e9l\u00e8ve de Franz-Anton Mesmer dans le cadre de la Soci\u00e9t\u00e9 de l&rsquo;Harmonie \u00e0 partir de 1782.<\/span><\/p>\n<p><span style=\"color: #ff6600;\">Toutefois, Puys\u00e9gur se distingue de Mesmer en d\u00e9clarant n&rsquo;\u00eatre qu&rsquo;un vecteur pour les malades qui seraient leurs propres m\u00e9decins, l\u00e0 o\u00f9 Mesmer pr\u00e9tend soigner par une action exclusivement physiologique dont le magn\u00e9tiseur serait la source.<\/span><\/p>\n<p><span style=\"color: #ff6600;\">Il met \u00e9galement en doute le fait que la crise, dont Mesmer avait fait la manifestation par excellence du magn\u00e9tisme, soit autre chose qu&rsquo;un \u00e9l\u00e9ment parasite.<\/span><\/p>\n<p><span style=\"color: #ff6600;\">\u00c0 partir de 1784, dans son domaine de Buzancy dans le Soissonnais, Puys\u00e9gur commence \u00e0 pratiquer la mesmerisation, une mise en \u00e9tat de transe r\u00e9put\u00e9e apporter la gu\u00e9rison, pour soigner les maux du personnel de son ch\u00e2teau.<\/span><\/p>\n<p><span style=\"color: #ff6600;\">C&rsquo;est \u00e0 la suite d&rsquo;un mauvais d\u00e9roulement de cette pratique qu&rsquo;il dit constater chez Victor Race, un paysan dont la famille est \u00e0 son service, un \u00e9tat de somnambulisme. C&rsquo;est ainsi qu&rsquo;il d\u00e9crit l&rsquo;\u00e9tat profond\u00e9ment endormi mais pleinement conscient qu&rsquo;il reproduira ensuite.<\/span><\/p>\n<p><span style=\"color: #ff6600;\">Il d\u00e9crira notamment une clairvoyance des malades sur leur propre maladie, sur celle des autres et sur les rem\u00e8des qui leur conviennent. Ce premier \u00e9v\u00e9nement se d\u00e9roule le 4 mai 1784, ann\u00e9e de la publication de son premier ouvrage sur le magn\u00e9tisme animal.<\/span><\/p>\n<p><span style=\"color: #ff6600;\">C&rsquo;est aussi l&rsquo;ann\u00e9e de la publication des deux rapports officiels sur le magn\u00e9tisme animal commandit\u00e9s par Louis XVI.<\/span><\/p>\n<p><span style=\"color: #ff6600;\">En 1785, il am\u00e8ne Victor Race \u00e0 Paris pour faire une d\u00e9monstration de ses d\u00e9couvertes devant Mesmer.<\/span><\/p>\n<p><span style=\"color: #ff6600;\">La m\u00eame ann\u00e9e, il cr\u00e9e \u00e0 Strasbourg la Soci\u00e9t\u00e9 harmonique des amis r\u00e9unis au sein de laquelle il forme quelque deux cent magn\u00e9tiseurs et instituera de nombreux centres de traitements.<\/span><\/p>\n<p><span style=\"color: #ff6600;\">Cette soci\u00e9t\u00e9 continue \u00e0 exister jusqu&rsquo;en 1789 et publie de nombreux articles sur les diff\u00e9rents cas trait\u00e9s par magn\u00e9tisme.<\/span><\/p>\n<p><span style=\"color: #ff6600;\">Puys\u00e9gur est le chef de file de l&rsquo;\u00e9cole de magn\u00e9tisme animal \u00ab psychofluidiste \u00bb.<\/span><\/p>\n<p><span style=\"color: #ff6600;\">Toujours d\u00e9cri\u00e9 et remis en cause, il effectue de nombreuses actions pour r\u00e9pondre \u00e0 cette incr\u00e9dulit\u00e9 ambiante.<\/span><\/p>\n<p><span style=\"color: #ff6600;\">Pour l&rsquo;un de ces biographes Jean-Pierre Peter, cette mise en avant du pouvoir de chacun a jou\u00e9 contre lui, et, au lieu de le voir comme une personnalit\u00e9 purifiant et codifiant le magn\u00e9tisme et le ph\u00e9nom\u00e8ne du somnambulisme, on pr\u00e9f\u00e8re le repr\u00e9senter comme un aristocrate manipulateur pour ne pas perdre l&rsquo;image du pouvoir hi\u00e9rarchique.<\/span><\/p>\n","protected":false},"excerpt":{"rendered":"<p>Amand Marie Jacques de Chastenet, marquis de Puys\u00e9gur (1751-1825), est un officier-g\u00e9n\u00e9ral d&rsquo;artillerie, connu pour ses exp\u00e9riences retranscrites de la pratique du magn\u00e9tisme animal sur l&rsquo;homme. Comme ses deux plus jeunes fr\u00e8res, Jacques Maxime (1755-1848) et Antoine-Hyacinthe (1752-1809), Puys\u00e9gur est l&rsquo;\u00e9l\u00e8ve de Franz-Anton Mesmer dans le cadre de la Soci\u00e9t\u00e9 de l&rsquo;Harmonie \u00e0 partir de &hellip; <\/p>\n<p class=\"link-more\"><a href=\"https:\/\/www.psy-sarthe.com\/?page_id=409\" class=\"more-link\">Continuer la lecture<span class=\"screen-reader-text\"> de &laquo;&nbsp;Puys\u00e9gur&nbsp;&raquo;<\/span><\/a><\/p>\n","protected":false},"author":1,"featured_media":0,"parent":0,"menu_order":0,"comment_status":"closed","ping_status":"closed","template":"","meta":{"footnotes":""},"class_list":["post-409","page","type-page","status-publish","hentry"],"_links":{"self":[{"href":"https:\/\/www.psy-sarthe.com\/index.php?rest_route=\/wp\/v2\/pages\/409","targetHints":{"allow":["GET"]}}],"collection":[{"href":"https:\/\/www.psy-sarthe.com\/index.php?rest_route=\/wp\/v2\/pages"}],"about":[{"href":"https:\/\/www.psy-sarthe.com\/index.php?rest_route=\/wp\/v2\/types\/page"}],"author":[{"embeddable":true,"href":"https:\/\/www.psy-sarthe.com\/index.php?rest_route=\/wp\/v2\/users\/1"}],"replies":[{"embeddable":true,"href":"https:\/\/www.psy-sarthe.com\/index.php?rest_route=%2Fwp%2Fv2%2Fcomments&post=409"}],"version-history":[{"count":2,"href":"https:\/\/www.psy-sarthe.com\/index.php?rest_route=\/wp\/v2\/pages\/409\/revisions"}],"predecessor-version":[{"id":418,"href":"https:\/\/www.psy-sarthe.com\/index.php?rest_route=\/wp\/v2\/pages\/409\/revisions\/418"}],"wp:attachment":[{"href":"https:\/\/www.psy-sarthe.com\/index.php?rest_route=%2Fwp%2Fv2%2Fmedia&parent=409"}],"curies":[{"name":"wp","href":"https:\/\/api.w.org\/{rel}","templated":true}]}}