{"id":419,"date":"2019-09-17T15:25:12","date_gmt":"2019-09-17T13:25:12","guid":{"rendered":"http:\/\/www.psy-sarthe.com\/?page_id=419"},"modified":"2019-09-17T15:25:13","modified_gmt":"2019-09-17T13:25:13","slug":"charles-lafontaine","status":"publish","type":"page","link":"https:\/\/www.psy-sarthe.com\/?page_id=419","title":{"rendered":"Charles Lafontaine"},"content":{"rendered":"<p><span style=\"color: #ff6600;\"><img loading=\"lazy\" decoding=\"async\" class=\" wp-image-420 alignleft\" src=\"http:\/\/www.psy-sarthe.com\/wp-content\/uploads\/2019\/09\/Charles_Lafontaine-195x300.jpg\" alt=\"\" width=\"163\" height=\"251\" srcset=\"https:\/\/www.psy-sarthe.com\/wp-content\/uploads\/2019\/09\/Charles_Lafontaine-195x300.jpg 195w, https:\/\/www.psy-sarthe.com\/wp-content\/uploads\/2019\/09\/Charles_Lafontaine.jpg 638w\" sizes=\"auto, (max-width: 163px) 100vw, 163px\" \/>Charles L\u00e9onard Lafontaine, n\u00e9 \u00e0 Vend\u00f4me le 27 mars 1803 et mort \u00e0 Gen\u00e8ve le 13 ao\u00fbt 1892, est un magn\u00e9tiseur franco-suisse.<\/span><\/p>\n<p><span style=\"color: #ff6600;\">Apr\u00e8s avoir renonc\u00e9 \u00e0 une carri\u00e8re d\u2019acteur, il participa aux exp\u00e9riences du marquis de Puys\u00e9gur et devint un c\u00e9l\u00e8bre magn\u00e9tiseur itin\u00e9rant. La Fontaine faisait des d\u00e9monstrations publiques de magn\u00e9tisme et de somnambulisme en Angleterre. La Fontaine disait express\u00e9ment que les ph\u00e9nom\u00e8nes magn\u00e9tiques pouvaient s\u2019obtenir avec la volont\u00e9, sans la volont\u00e9, contre la volont\u00e9. Le 9 avril 1869, Lafontaine fut condamn\u00e9 \u00e0 2 000 francs d\u00b4amende pour calomnie pour avoir fait para\u00eetre dans son journal une brochure (sous le titre \u00ab un scandale m\u00e9dical \u00bb) mettant en cause le m\u00e9decin Auguste Lad\u00e9 qui d\u00e9non\u00e7ait ses pratiques.<\/span><\/p>\n<p><span style=\"color: #ff6600;\">Un jour un d\u00e9nomm\u00e9 James Braid vint \u00e0 une de ses repr\u00e9sentations avec la volont\u00e9 lui aussi de d\u00e9montrer les supercheries.<\/span><\/p>\n","protected":false},"excerpt":{"rendered":"<p>Charles L\u00e9onard Lafontaine, n\u00e9 \u00e0 Vend\u00f4me le 27 mars 1803 et mort \u00e0 Gen\u00e8ve le 13 ao\u00fbt 1892, est un magn\u00e9tiseur franco-suisse. Apr\u00e8s avoir renonc\u00e9 \u00e0 une carri\u00e8re d\u2019acteur, il participa aux exp\u00e9riences du marquis de Puys\u00e9gur et devint un c\u00e9l\u00e8bre magn\u00e9tiseur itin\u00e9rant. La Fontaine faisait des d\u00e9monstrations publiques de magn\u00e9tisme et de somnambulisme en &hellip; <\/p>\n<p class=\"link-more\"><a href=\"https:\/\/www.psy-sarthe.com\/?page_id=419\" class=\"more-link\">Continuer la lecture<span class=\"screen-reader-text\"> de &laquo;&nbsp;Charles Lafontaine&nbsp;&raquo;<\/span><\/a><\/p>\n","protected":false},"author":1,"featured_media":0,"parent":0,"menu_order":0,"comment_status":"closed","ping_status":"closed","template":"","meta":{"footnotes":""},"class_list":["post-419","page","type-page","status-publish","hentry"],"_links":{"self":[{"href":"https:\/\/www.psy-sarthe.com\/index.php?rest_route=\/wp\/v2\/pages\/419","targetHints":{"allow":["GET"]}}],"collection":[{"href":"https:\/\/www.psy-sarthe.com\/index.php?rest_route=\/wp\/v2\/pages"}],"about":[{"href":"https:\/\/www.psy-sarthe.com\/index.php?rest_route=\/wp\/v2\/types\/page"}],"author":[{"embeddable":true,"href":"https:\/\/www.psy-sarthe.com\/index.php?rest_route=\/wp\/v2\/users\/1"}],"replies":[{"embeddable":true,"href":"https:\/\/www.psy-sarthe.com\/index.php?rest_route=%2Fwp%2Fv2%2Fcomments&post=419"}],"version-history":[{"count":1,"href":"https:\/\/www.psy-sarthe.com\/index.php?rest_route=\/wp\/v2\/pages\/419\/revisions"}],"predecessor-version":[{"id":421,"href":"https:\/\/www.psy-sarthe.com\/index.php?rest_route=\/wp\/v2\/pages\/419\/revisions\/421"}],"wp:attachment":[{"href":"https:\/\/www.psy-sarthe.com\/index.php?rest_route=%2Fwp%2Fv2%2Fmedia&parent=419"}],"curies":[{"name":"wp","href":"https:\/\/api.w.org\/{rel}","templated":true}]}}