{"id":427,"date":"2019-09-17T15:48:15","date_gmt":"2019-09-17T13:48:15","guid":{"rendered":"http:\/\/www.psy-sarthe.com\/?page_id=427"},"modified":"2019-09-17T15:48:16","modified_gmt":"2019-09-17T13:48:16","slug":"jean-martin-charcot","status":"publish","type":"page","link":"https:\/\/www.psy-sarthe.com\/?page_id=427","title":{"rendered":"Jean Martin Charcot"},"content":{"rendered":"<p><img loading=\"lazy\" decoding=\"async\" class=\"size-medium wp-image-428 alignleft\" src=\"http:\/\/www.psy-sarthe.com\/wp-content\/uploads\/2019\/09\/Jean-Martin_Charcot-227x300.jpg\" alt=\"\" width=\"227\" height=\"300\" srcset=\"https:\/\/www.psy-sarthe.com\/wp-content\/uploads\/2019\/09\/Jean-Martin_Charcot-227x300.jpg 227w, https:\/\/www.psy-sarthe.com\/wp-content\/uploads\/2019\/09\/Jean-Martin_Charcot.jpg 457w\" sizes=\"auto, (max-width: 227px) 100vw, 227px\" \/>Jean-Martin Charcot, n\u00e9 \u00e0 Paris le 29 novembre 1825, est un neurologue fran\u00e7ais, professeur d&rsquo;anatomie pathologique et acad\u00e9micien. Il s\u2019agit d\u2019un des plus grands cliniciens fran\u00e7ais et l\u2019initiateur de la neurologie moderne et de la psychopathologie. Il est surtout connu pour ses travaux sur l\u2019hypnose et ses recherches sur l\u2019hyst\u00e9rie.<\/p>\n<p>Ses travaux sur l&rsquo;hypnose et l&rsquo;hyst\u00e9rie, \u00e0 l&rsquo;origine de l&rsquo;\u00c9cole de la Salp\u00eatri\u00e8re, ont inspir\u00e9 \u00e0 la fois Pierre Janet dans ses \u00e9tudes de psychopathologie et Sigmund Freud, qui a \u00e9t\u00e9 bri\u00e8vement son \u00e9l\u00e8ve et l&rsquo;un de ses premiers traducteurs en allemand1, en ce qui concerne l&rsquo;invention de la psychanalyse.<\/p>\n<p>Enseignant d\u2019anatomie pathologique \u00e0 l\u2019Universit\u00e9 de Paris, de 1860 \u00e0 1893, Jean-Martin Charcot ouvre en 1882 une clinique neurologique, au sein de l\u2019h\u00f4pital parisien de la Salp\u00eatri\u00e8re.<\/p>\n<p>Cette clinique devint tr\u00e8s r\u00e9put\u00e9e et des \u00e9tudiants de toutes les nationalit\u00e9s s\u2019y crois\u00e8rent. Parmi eux, le tr\u00e8s c\u00e9l\u00e8bre Freud f\u00fbt \u00e9l\u00e8ve de 1985 \u00e0 1986. Il manifesta son int\u00e9r\u00eat pour les origines psychologiques de la n\u00e9vrose, sur la base des \u00e9tudes sur la formation \u00e0 l\u2019hypnose r\u00e9alis\u00e9es par Jean-Martin Charcot.<\/p>\n<p>A cette \u00e9poque, il \u00e9tait en passe de d\u00e9couvrir une base organique \u00e0 l\u2019hyst\u00e9rie.<\/p>\n<p>L\u2019\u00e9tude de la physiologie et de la pathologie du syst\u00e8me nerveux l\u2019am\u00e8ne \u00e0 \u00e9tablir une description tr\u00e8s pr\u00e9cise de la scl\u00e9rose en plaques et de la scl\u00e9rose lat\u00e9rale amyotrophique (la fameuse maladie de Charcot).<\/p>\n<p>D\u00e8s 1870, gr\u00e2ce \u00e0 ses \u00e9tudes, la maladie mentale fut de plus en plus analys\u00e9e. L\u2019hyst\u00e9rie fut consid\u00e9r\u00e9e comme une affection \u00e0 part enti\u00e8re. Les malades soup\u00e7onn\u00e9s de simulation lors de leur crise d\u2019hyst\u00e9rie sont pris au s\u00e9rieux, et Jean-Martin Charcot a \u00e9tudi\u00e9 pour la premi\u00e8re fois l\u2019hypnose comme un sympt\u00f4me de l\u2019hyst\u00e9rie.<\/p>\n<p>En 1873, il est \u00e9lu membre de l\u2019Acad\u00e9mie de m\u00e9decine. Depuis cette date, les maladies mentales commencent \u00e0 \u00eatre analys\u00e9es et l\u2019hyst\u00e9rie est de plus en plus reconnue par les m\u00e9decins.<\/p>\n<p>Pour lui, l\u2019hyst\u00e9rie vient d\u2019une d\u00e9g\u00e9n\u00e9rescence h\u00e9r\u00e9ditaire du syst\u00e8me nerveux. Sigmund Freud, qui fut son \u00e9l\u00e8ve entre 1885 et 1886, devait contester cette hypoth\u00e8se.<\/p>\n<p>A partir de ses recherches, il alimente des conf\u00e9rences et des cours \u00e0 la Salp\u00eatri\u00e8re. Tout le gratin parisien accourt pour assister \u00e0 ses formations et ces derniers sont publi\u00e9s en 3 volumes puis traduits dans de nombreuses langues.<\/p>\n<p>Arriv\u00e9 \u00e0 l\u2019apog\u00e9e de sa carri\u00e8re de m\u00e9decine, Jean-Martin Charcot s\u2019int\u00e9resse \u00e0 l\u2019hypnose en 1878. Il a acquis une r\u00e9putation mondiale gr\u00e2ce \u00e0 ses travaux en neurologie. Il \u00e9tait \u00e9galement passionn\u00e9 par des disciplines telles que la philosophie, la psychologie et l\u2019\u00e9tude des m\u00e9canismes de fonctions c\u00e9r\u00e9brales.<\/p>\n<p>Gr\u00e2ce \u00e0 ses connaissances en neurologie, Jean-Martin Charcot \u00e9tudiait les r\u00e9flexes, les mouvements et la physiologie des personnes hypnotis\u00e9es, mais s\u2019attardait moins sur les ph\u00e9nom\u00e8nes psychologiques. Il analysait surtout les hyst\u00e9riques, et voyait l\u2019\u00e9tat hypnotique que les clients d\u00e9veloppaient comme une vraie n\u00e9vrose, constitu\u00e9e de trois \u00e9tats :<\/p>\n<ul>\n<li>Le premier est l\u2019\u00e9tat de l\u00e9thargie, qui s\u2019installe par fascination ou par compression des globes oculaires lorsque le client a les yeux ferm\u00e9s,<\/li>\n<li>Le second correspond \u00e0 l\u2019\u00e9tat cataleptique, o\u00f9 les membres du client sont fig\u00e9s dans une attitude qu\u2019on leur donne,<\/li>\n<li>Le troisi\u00e8me est l\u2019\u00e9tat somnambulique. Il est acquis par fixation du regard et par d\u2019autres pratiques.<\/li>\n<\/ul>\n<p>Ces \u00e9tats correspondent au \u00ab grand hypnotisme \u00bb ou \u00e0 la \u00ab grande n\u00e9vrose hypnotique\u00bb, selon Jean-Martin Charcot lui-m\u00eame. Il existe \u00e9galement de petits hypnotismes, aux ph\u00e9nom\u00e8nes moins tranch\u00e9s.<\/p>\n<p>Les travaux de Jean-Martin Charcot furent l\u2019objet de nombreuses critiques, notamment ses \u00e9tudes sur l\u2019hypnose, la m\u00e9talloscopie, la m\u00e9talloth\u00e9rapie.<\/p>\n<p>Bernheim, m\u00e9decin et neurologue fran\u00e7ais, a prouv\u00e9 que l\u2019hypnotisme et ses trois \u00e9tats, ainsi que les ph\u00e9nom\u00e8nes caract\u00e9ristiques de l\u00e9thargie, de catalepsie et de transfert n\u2019existent pas. Il affirma que ceux-ci n\u2019arrivent pas tant que le client ne sait pas s\u2019ils doivent se produire. Seules l\u2019imitation et la suggestion peuvent permettre l\u2019obtention de ces ph\u00e9nom\u00e8nes.<\/p>\n<p>Le professeur Guilain, quant \u00e0 lui, estime que Jean-Martin Charcot ne surveillait pas ses exp\u00e9riences car il travaillait \u00e0 l\u2019h\u00f4pital uniquement le matin, et laissait ses assistants pr\u00e9parer et hypnotiser ses clients l\u2019apr\u00e8s-midi.<\/p>\n<p>Ses cours \u00e9taient tout public, pas uniquement r\u00e9serv\u00e9s aux m\u00e9decins, ainsi, Babinski pensait que la pr\u00e9sentation des clients hypnotis\u00e9s paraissait trop th\u00e9\u00e2trale. C\u2019\u00e9tait \u00e9galement le cas d\u2019Axel Munthe, \u00e9crivain su\u00e9dois, qui d\u00e9crivit les cours de la Salp\u00eatri\u00e8re de Charcot comme le rendez-vous mondain de Paris.<\/p>\n<p>Le c\u00e9l\u00e8bre psychanalyste Freud, qui \u00e9tait \u00e0 l\u2019\u00e9poque \u00e9l\u00e8ve de Jean-Martin Charcot, assista le sp\u00e9cialiste de l\u2019hypnose dans ses recherches sur les ph\u00e9nom\u00e8nes hyst\u00e9riques, la suggestion hypnotique entrainant des paralysies et des contractures hyst\u00e9riques, et le fait que ces exp\u00e9riences donnent les m\u00eames manifestations spontan\u00e9es chez tous les clients. Freud, faisant partie de l\u2019entourage proche de Jean-Martin Charcot, affirma que de nombreuses questions lui venaient \u00e0 l\u2019esprit. Il ne comprenait pas pourquoi les assistants du m\u00e9decin, qui \u00e9taient tous d\u2019une grande valeur scientifique, n\u2019osaient jamais le contredire ou le mettre en garde.<\/p>\n<p>Le neurologue se rendit compte que ses travaux n\u2019\u00e9taient pas assez solides, et il choisit de reprendre toutes ses \u00e9tudes sur l\u2019hypnose et m\u00eame l\u2019hyst\u00e9rie. Jean-Martin Charcot n\u2019eut cependant pas le temps d\u2019achever son travail et mourut en 1893 d\u2019un infarctus du myocarde.<\/p>\n","protected":false},"excerpt":{"rendered":"<p>Jean-Martin Charcot, n\u00e9 \u00e0 Paris le 29 novembre 1825, est un neurologue fran\u00e7ais, professeur d&rsquo;anatomie pathologique et acad\u00e9micien. Il s\u2019agit d\u2019un des plus grands cliniciens fran\u00e7ais et l\u2019initiateur de la neurologie moderne et de la psychopathologie. Il est surtout connu pour ses travaux sur l\u2019hypnose et ses recherches sur l\u2019hyst\u00e9rie. Ses travaux sur l&rsquo;hypnose et &hellip; <\/p>\n<p class=\"link-more\"><a href=\"https:\/\/www.psy-sarthe.com\/?page_id=427\" class=\"more-link\">Continuer la lecture<span class=\"screen-reader-text\"> de &laquo;&nbsp;Jean Martin Charcot&nbsp;&raquo;<\/span><\/a><\/p>\n","protected":false},"author":1,"featured_media":0,"parent":0,"menu_order":0,"comment_status":"closed","ping_status":"closed","template":"","meta":{"footnotes":""},"class_list":["post-427","page","type-page","status-publish","hentry"],"_links":{"self":[{"href":"https:\/\/www.psy-sarthe.com\/index.php?rest_route=\/wp\/v2\/pages\/427","targetHints":{"allow":["GET"]}}],"collection":[{"href":"https:\/\/www.psy-sarthe.com\/index.php?rest_route=\/wp\/v2\/pages"}],"about":[{"href":"https:\/\/www.psy-sarthe.com\/index.php?rest_route=\/wp\/v2\/types\/page"}],"author":[{"embeddable":true,"href":"https:\/\/www.psy-sarthe.com\/index.php?rest_route=\/wp\/v2\/users\/1"}],"replies":[{"embeddable":true,"href":"https:\/\/www.psy-sarthe.com\/index.php?rest_route=%2Fwp%2Fv2%2Fcomments&post=427"}],"version-history":[{"count":1,"href":"https:\/\/www.psy-sarthe.com\/index.php?rest_route=\/wp\/v2\/pages\/427\/revisions"}],"predecessor-version":[{"id":429,"href":"https:\/\/www.psy-sarthe.com\/index.php?rest_route=\/wp\/v2\/pages\/427\/revisions\/429"}],"wp:attachment":[{"href":"https:\/\/www.psy-sarthe.com\/index.php?rest_route=%2Fwp%2Fv2%2Fmedia&parent=427"}],"curies":[{"name":"wp","href":"https:\/\/api.w.org\/{rel}","templated":true}]}}