{"id":441,"date":"2019-09-17T16:50:27","date_gmt":"2019-09-17T14:50:27","guid":{"rendered":"http:\/\/www.psy-sarthe.com\/?page_id=441"},"modified":"2019-09-17T16:50:28","modified_gmt":"2019-09-17T14:50:28","slug":"johannes-heinrich-schultz","status":"publish","type":"page","link":"https:\/\/www.psy-sarthe.com\/?page_id=441","title":{"rendered":"Johannes Heinrich Schultz"},"content":{"rendered":"<p><span style=\"color: #ff6600;\"><img loading=\"lazy\" decoding=\"async\" class=\"size-medium wp-image-442 alignleft\" src=\"http:\/\/www.psy-sarthe.com\/wp-content\/uploads\/2019\/09\/Schultz-210x300.jpg\" alt=\"\" width=\"210\" height=\"300\" srcset=\"https:\/\/www.psy-sarthe.com\/wp-content\/uploads\/2019\/09\/Schultz-210x300.jpg 210w, https:\/\/www.psy-sarthe.com\/wp-content\/uploads\/2019\/09\/Schultz.jpg 489w\" sizes=\"auto, (max-width: 210px) 100vw, 210px\" \/>Johannes Heinrich Schultz, n\u00e9 le 20 juin 1884 \u00e0 G\u00f6ttingen, est un psychiatre allemand, inventeur du training autog\u00e8ne.<\/span><\/p>\n<p><span style=\"color: #ff6600;\">L&rsquo;Homme&#8230;<\/span><\/p>\n<p><span style=\"color: #ff6600;\">De 1902 \u00e0 1909, Johannes Schultz suit des \u00e9tudes de m\u00e9decine \u00e0 Lausanne, Breslau et G\u00f6ttingen. Il obtient son doctorat en m\u00e9decine \u00e0 G\u00f6ttingen en 1907. Dans les ann\u00e9es 1910, il \u00e9tudie l&rsquo;hypnose, s&rsquo;int\u00e9ressant notamment aux travaux de Korbinian Brodmann et Oskar Vogt. En 1911, il rencontre Sigmund Freud. En 1913, il rentre \u00e0 la clinique de I\u00e9na dirig\u00e9e par Otto Binswanger.<\/span><\/p>\n<p><span style=\"color: #ff6600;\">Pendant la premi\u00e8re guerre mondiale, il est m\u00e9decin militaire en Prusse Orientale et rencontre Karl Abraham. Habilit\u00e9 comme psychiatre en 1919, il dirige un sanatorium psychoth\u00e9rapeutique \u00e0 Dresde de 1920 \u00e0 1923.<\/span><\/p>\n<p><span style=\"color: #ff6600;\">En 1924, Schultz s&rsquo;installe comme neurologue et psychoth\u00e9rapeute \u00e0 Berlin.<\/span><\/p>\n<p><span style=\"color: #ff6600;\">En 1932, il publie son livre le plus connu, Th\u00e9rapie Autog\u00e8ne, dans lequel il publie sa m\u00e9thode d&rsquo;entra\u00eenement autog\u00e8ne, largement inspir\u00e9e des techniques d&rsquo;autohypnose d&rsquo;Oskar Vogt.<\/span><\/p>\n<p><span style=\"color: #ff6600;\">De 1936 \u00e0 1945, il travaille notamment comme sous-directeur au sein de l&rsquo;Institut G\u00f6ring, aussi appel\u00e9 Institut allemand de recherche en psychologie et de psychoth\u00e9rapie. Il s&rsquo;engage activement pour l&rsquo;extermination des handicap\u00e9s mentaux (Aktion T4). Dans l&rsquo;Institut, il se consacre aussi sp\u00e9cialement au sort des homosexuels hommes. Schultz faisait une distinction entre une homosexualit\u00e9 h\u00e9r\u00e9ditaire et une homosexualit\u00e9 curable. Au sein de l&rsquo;Institut, il offrait d&rsquo;une part des traitements pour les \u00ab gu\u00e9rir \u00bb, et d&rsquo;autre part, il dirigeait une commission contraignant les \u00ab suspects \u00bb \u00e0 des actes sexuels avec des prostitu\u00e9s, dans le but de d\u00e9terminer s&rsquo;ils \u00e9taient bien homosexuels. Les \u00ab coupables \u00bb \u00e9taient transf\u00e9r\u00e9s en camp de concentration.<\/span><\/p>\n<p><span style=\"color: #ff6600;\">En 1935, il publia son essai, \u201cCons\u00e9quences psychologiques de la st\u00e9rilisation et de la castration chez les hommes\u201c dans lequel il pr\u00e9conisait l&rsquo;obligation de la st\u00e9rilisation des hommes selon la \u201cloi allemande sur la st\u00e9rilisation forc\u00e9e\u201c. Cette loi a servi de base \u00e0 Schultz pour d\u00e9finir le but de la \u00ab\u00a0nouvelle psychoth\u00e9rapie allemande.<\/span><\/p>\n<p><span style=\"color: #ff6600;\">En 1940 Schultz publia sa m\u00e9thode diagnostique : Vorschlag eines Diagnosen-Schemas il exprime son accord avec la loi allemande sur la st\u00e9rilisation forc\u00e9e. Il pr\u00e9conisait l&rsquo;ex\u00e9cution des patients souffrant de troubles mentaux : \u00ab \u2026 <em>en rappelant l&rsquo;an\u00e9antissement des vies d\u00e9nu\u00e9es de valeur\u201c et en esp\u00e9rant que les asiles d&rsquo;ali\u00e9n\u00e9s seront bient\u00f4t vides et r\u00e9am\u00e9nag\u00e9s selon ce principe \u00bb.<\/em><\/span><\/p>\n<p><span style=\"color: #ff6600;\">En 1940 Schultz publia un autre essai, \u00ab\u00a0Biologie g\u00e9n\u00e9tique et anthropologie raciale\u00a0\u00bb dans lequel \u00ab <em>il \u00e9voque l\u2019image d\u00e9moniaque des homosexuels comme une \u201cclique\u201c, comme un \u201c\u00c9tat dans l&rsquo;\u00c9tat\u201c.<\/em> Les homosexuels y sont qualifi\u00e9s de \u201c<em>personnages louches corrompant la morale de la jeunesse\u201c <\/em>\u00a0; <em>ils sont consid\u00e9r\u00e9s comme des personnes \u201cnuisibles pour la communaut\u00e9 en raison de leur incapacit\u00e9 \u00e0 procr\u00e9er<\/em>\u201c.<\/span><\/p>\n<p><span style=\"color: #ff6600;\">En 1952, Schultz traite \u00ab <em>de \u00ab\u00a0l&rsquo;inf\u00e9riorit\u00e9 h\u00e9r\u00e9ditaire\u00a0\u00bb et consid\u00e8re les d\u00e9ficients mentaux comme un fardeau pour la soci\u00e9t\u00e9. \u00bb (\u2026) Il \u00e9crit que les \u00ab\u00a0pervers\u00a0\u00bb \u00e9taient \u00ab\u00a0enclins \u00e0 soutenir des id\u00e9es et des actes r\u00e9volutionnaires. (\u2026) En cons\u00e9quence, il \u00e9tait convaincu, que pour pr\u00e9server la sant\u00e9, une \u00ab vraie protection des \u00ab personnes immatures et semi-matures \u00bb s\u2019imposait en urgence contre la s\u00e9duction homosexuelle. \u00bb<\/em><\/span><\/p>\n<p><span style=\"color: #ff6600;\">Le Training Autog\u00e8ne de Schultz<\/span><\/p>\n<p><span style=\"color: #ff6600;\">Pour Schultz, l&rsquo;entra\u00eenement autog\u00e8ne (ou \u00ab m\u00e9thode de relaxation par auto-d\u00e9contraction concentrative \u00bb) doit \u00eatre compris comme un entra\u00eenement \u00e0 l&rsquo;autohypnose, qui permet une r\u00e9duction des tensions et du stress. Il pr\u00e9sente un int\u00e9r\u00eat dans les maladies psychosomatiques, la psychoth\u00e9rapie, mais aussi la m\u00e9decine du sport et la gestion du stress en permettant relaxation et d\u00e9tente.<\/span><\/p>\n<p><span style=\"color: #ff6600;\">Cette m\u00e9thode se d\u00e9compose en cinq phases : pesanteur, chaleur, organique, c\u0153ur, et respiration. Chacune de ces phases doit \u00eatre parfaitement acquise avant de passer \u00e0 la suivante. Par exemple, pour la premi\u00e8re semaine d&rsquo;exercices quotidiens, l&rsquo;entra\u00eenement est bas\u00e9 sur la sensation de lourdeur ; la semaine suivante sur la sensation de chaleur et ainsi de suite. Pour pratiquer cette m\u00e9thode, on prend la position allong\u00e9e, les bras le long du corps, mains \u00e0 plat, jambes rapproch\u00e9es, les pieds l\u00e9g\u00e8rement tourn\u00e9s vers l&rsquo;ext\u00e9rieur.<\/span><\/p>\n<p><span style=\"color: #ff6600;\">Voici les suggestions habituellement faites par les praticiens, dans le cadre des s\u00e9ances :<\/span><\/p>\n<p style=\"padding-left: 40px;\"><span style=\"color: #ff6600;\">1) En partant de la t\u00eate jusqu&rsquo;aux pieds, visualisez mentalement tous vos muscles en train de se d\u00e9tendre, visualisez l&rsquo;impression de lourdeur, de pesanteur de la partie du corps sur laquelle vous vous concentrez.<\/span><\/p>\n<p style=\"padding-left: 40px;\"><span style=\"color: #ff6600;\">2) Toujours de la t\u00eate vers les pieds, visualisez mentalement une impression de chaleur douce et agr\u00e9able, li\u00e9e \u00e0 l&rsquo;augmentation de la circulation sanguine vasculaire dans la partie en cours.<\/span><\/p>\n<p style=\"padding-left: 40px;\"><span style=\"color: #ff6600;\">3) Concentrez-vous cette fois sur vos organes internes, estomac, intestins etc., en essayant d&rsquo;\u00e9tendre la sensation de chaleur, de d\u00e9tente \u00e0 ceux-ci.<\/span><\/p>\n<p style=\"padding-left: 40px;\"><span style=\"color: #ff6600;\">4) Toujours par la visualisation, prenez conscience de votre rythme cardiaque, sans chercher \u00e0 ce que votre c\u0153ur ne batte plus lentement que d&rsquo;habitude.<\/span><\/p>\n<p style=\"padding-left: 40px;\"><span style=\"color: #ff6600;\">5) Ensuite, concentrez-vous sur votre respiration jusqu&rsquo;\u00e0 atteindre une respiration ample et lente.<\/span><\/p>\n<p style=\"padding-left: 40px;\"><span style=\"color: #ff6600;\">6) Selon la m\u00e9thode originelle du docteur Schultz, il existe une derni\u00e8re \u00e9tape qui consiste \u00e0 refroidir le front et la t\u00eate. Cette \u00e9tape doit \u00eatre abord\u00e9e avec prudence car elle peut provoquer des migraines.<\/span><\/p>\n<p><span style=\"color: #ff6600;\">Normalement, \u00e0 ce stade, le niveau de relaxation peut \u00eatre suffisamment important pour entamer une s\u00e9ance de m\u00e9ditation ou d&rsquo;autohypnose.<\/span><\/p>\n<p><span style=\"color: #ff6600;\">Il est possible que lors des premi\u00e8res s\u00e9ances, les patients peinent \u00e0 atteindre l&rsquo;\u00e9tat de relaxation d\u00e9sir\u00e9. Il faut alors continuer l\u2019entrainement.<\/span><\/p>\n<p><span style=\"color: #ff6600;\">Aujourd&rsquo;hui, l&rsquo;entra\u00eenement autog\u00e8ne est une technique qui reste largement utilis\u00e9e par les psychiatres, les psychologues, mais aussi par d&rsquo;autres professionnels de la sant\u00e9 et notamment les psychomotriciens et les kin\u00e9sith\u00e9rapeutes, dans un but d&rsquo;aide au contr\u00f4le de l&rsquo;anxi\u00e9t\u00e9 et du stress et des manifestations qu&rsquo;ils engendrent.<\/span><\/p>\n","protected":false},"excerpt":{"rendered":"<p>Johannes Heinrich Schultz, n\u00e9 le 20 juin 1884 \u00e0 G\u00f6ttingen, est un psychiatre allemand, inventeur du training autog\u00e8ne. L&rsquo;Homme&#8230; De 1902 \u00e0 1909, Johannes Schultz suit des \u00e9tudes de m\u00e9decine \u00e0 Lausanne, Breslau et G\u00f6ttingen. Il obtient son doctorat en m\u00e9decine \u00e0 G\u00f6ttingen en 1907. Dans les ann\u00e9es 1910, il \u00e9tudie l&rsquo;hypnose, s&rsquo;int\u00e9ressant notamment aux &hellip; <\/p>\n<p class=\"link-more\"><a href=\"https:\/\/www.psy-sarthe.com\/?page_id=441\" class=\"more-link\">Continuer la lecture<span class=\"screen-reader-text\"> de &laquo;&nbsp;Johannes Heinrich Schultz&nbsp;&raquo;<\/span><\/a><\/p>\n","protected":false},"author":1,"featured_media":0,"parent":0,"menu_order":0,"comment_status":"closed","ping_status":"closed","template":"","meta":{"footnotes":""},"class_list":["post-441","page","type-page","status-publish","hentry"],"_links":{"self":[{"href":"https:\/\/www.psy-sarthe.com\/index.php?rest_route=\/wp\/v2\/pages\/441","targetHints":{"allow":["GET"]}}],"collection":[{"href":"https:\/\/www.psy-sarthe.com\/index.php?rest_route=\/wp\/v2\/pages"}],"about":[{"href":"https:\/\/www.psy-sarthe.com\/index.php?rest_route=\/wp\/v2\/types\/page"}],"author":[{"embeddable":true,"href":"https:\/\/www.psy-sarthe.com\/index.php?rest_route=\/wp\/v2\/users\/1"}],"replies":[{"embeddable":true,"href":"https:\/\/www.psy-sarthe.com\/index.php?rest_route=%2Fwp%2Fv2%2Fcomments&post=441"}],"version-history":[{"count":1,"href":"https:\/\/www.psy-sarthe.com\/index.php?rest_route=\/wp\/v2\/pages\/441\/revisions"}],"predecessor-version":[{"id":443,"href":"https:\/\/www.psy-sarthe.com\/index.php?rest_route=\/wp\/v2\/pages\/441\/revisions\/443"}],"wp:attachment":[{"href":"https:\/\/www.psy-sarthe.com\/index.php?rest_route=%2Fwp%2Fv2%2Fmedia&parent=441"}],"curies":[{"name":"wp","href":"https:\/\/api.w.org\/{rel}","templated":true}]}}