{"id":445,"date":"2019-09-17T16:58:15","date_gmt":"2019-09-17T14:58:15","guid":{"rendered":"http:\/\/www.psy-sarthe.com\/?page_id=445"},"modified":"2019-09-17T16:58:16","modified_gmt":"2019-09-17T14:58:16","slug":"ambroise-auguste-liebeault","status":"publish","type":"page","link":"https:\/\/www.psy-sarthe.com\/?page_id=445","title":{"rendered":"Ambroise-Auguste Li\u00e9beault"},"content":{"rendered":"<p><span style=\"color: #ff6600;\"><img loading=\"lazy\" decoding=\"async\" class=\"size-full wp-image-446 alignleft\" src=\"http:\/\/www.psy-sarthe.com\/wp-content\/uploads\/2019\/09\/A_LIEBEAULT.jpg\" alt=\"\" width=\"171\" height=\"243\" \/>M\u00e9decin fran\u00e7ais, Auguste Ambroise Li\u00e9beault s&rsquo;est occup\u00e9 toute sa vie de l&rsquo;hypnose exp\u00e9rimentale. N\u00e9 \u00e0 Favi\u00e8res, (en Lorraine), dans une famille paysanne, et destin\u00e9 \u00e0 la pr\u00eatrise par ses parents, il quitte le s\u00e9minaire \u00e0 l&rsquo;\u00e2ge de vingt et un ans pour entreprendre des \u00e9tudes m\u00e9dicales \u00e0 Strasbourg. Il s&rsquo;int\u00e9resse, d\u00e8s cette \u00e9poque, au \u00ab magn\u00e9tisme animal \u00bb, mais ses ma\u00eetres le dissuadent de pers\u00e9v\u00e9rer dans cette voie.<\/span><\/p>\n<p><span style=\"color: #ff6600;\">Apr\u00e8s sa th\u00e8se de doctorat (1850), il s&rsquo;installe comme m\u00e9decin de campagne \u00e0 Pont-Saint-Vincent, pr\u00e8s de Nancy.<\/span><\/p>\n<p><span style=\"color: #ff6600;\">Son int\u00e9r\u00eat pour la suggestion hypnotique rena\u00eet \u00e0 la lecture d&rsquo;une communication pr\u00e9sent\u00e9e, \u00e0 propos des travaux de James Braid, par Velpeau le 27 janvier 1860 \u00e0 l&rsquo;Acad\u00e9mie des sciences.<\/span><\/p>\n<p><span style=\"color: #ff6600;\">\u00c9tabli \u00e0 Nancy, il entreprend des th\u00e9rapeutiques par hypnose. Ses confr\u00e8res le raillent ; sa client\u00e8le ais\u00e9e le quitte ; il consacrera d\u00e8s lors sa vie \u00e0 soigner gratuitement la population prol\u00e9tarienne de Nancy.<\/span><\/p>\n<p><span style=\"color: #ff6600;\">Li\u00e9beault, qui se d\u00e9finit \u00e0 cette \u00e9poque comme un \u00ab gu\u00e9risseur \u00bb, commence \u00e0 \u00e9crire, en 1864, son ouvrage fondamental \u00ab\u00a0Du sommeil et des \u00e9tats analogues\u00a0\u00bb, premi\u00e8re tentative s\u00e9rieuse en France pour \u00e9tudier les ph\u00e9nom\u00e8nes d&rsquo;hypnotisme, exp\u00e9rimentalement et sans a priori n\u00e9gatif.<\/span><\/p>\n<p><span style=\"color: #ff6600;\">Le livre para\u00eet en 1866 et ne trouve qu&rsquo;un seul acheteur. La Soci\u00e9t\u00e9 m\u00e9dico-psychologique, en 1867, rejette d\u00e9daigneusement les th\u00e9ories de l&rsquo;auteur. Pendant vingt-cinq ans, Li\u00e9beault reste seul, ignor\u00e9 de ses confr\u00e8res, continuant n\u00e9anmoins \u00e0 travailler, entour\u00e9 uniquement de l&rsquo;estime et de l&rsquo;admiration de ses patients. C&rsquo;est en 1882 que Bernheim lui rend visite ; il se d\u00e9pare de son incr\u00e9dulit\u00e9 en assistant \u00e0 ses exp\u00e9riences et en vient \u00e0 se passionner pour le ph\u00e9nom\u00e8ne. D\u00e8s lors, le nombre des adeptes de Li\u00e9beault ne cesse de cro\u00eetre. Avec Beaunis, Li\u00e9geois, et autour de Bernheim, se forme ainsi l&rsquo;\u00e9cole de Nancy.<\/span><\/p>\n<p><span style=\"color: #ff6600;\">Li\u00e9beault participe activement \u00e0 l&rsquo;\u00e9tude syst\u00e9matique, clinique et exp\u00e9rimentale, de la suggestion et de l&rsquo;hypnose, \u00e9tude qui se d\u00e9veloppe alors en opposition avec l&rsquo;\u00e9cole de la Salp\u00eatri\u00e8re dirig\u00e9e par Jean Martin Charcot ; il insiste sur le r\u00f4le de la suggestion verbale plus que sur l&rsquo;\u00e9tat hypnotique, auquel tient le groupe parisien.<\/span><\/p>\n<p><span style=\"color: #ff6600;\">En 1889, Freud rend visite \u00e0 Li\u00e9beault. Le riche mat\u00e9riel exp\u00e9rimental qui lui est pr\u00e9sent\u00e9 par celui-ci devait le mettre sur la voie de ses recherches ult\u00e9rieures sur le conflit, la n\u00e9vrose et l&rsquo;inconscient.<\/span><\/p>\n<p><span style=\"color: #ff6600;\">Philosophe par temp\u00e9rament, bienfaiteur par vocation, Li\u00e9beault a pressenti la valeur des moyens psychologiques dans la th\u00e9rapeutique des maladies qui sont aujourd&rsquo;hui d\u00e9nomm\u00e9es psychosomatiques.<\/span><\/p>\n","protected":false},"excerpt":{"rendered":"<p>M\u00e9decin fran\u00e7ais, Auguste Ambroise Li\u00e9beault s&rsquo;est occup\u00e9 toute sa vie de l&rsquo;hypnose exp\u00e9rimentale. N\u00e9 \u00e0 Favi\u00e8res, (en Lorraine), dans une famille paysanne, et destin\u00e9 \u00e0 la pr\u00eatrise par ses parents, il quitte le s\u00e9minaire \u00e0 l&rsquo;\u00e2ge de vingt et un ans pour entreprendre des \u00e9tudes m\u00e9dicales \u00e0 Strasbourg. Il s&rsquo;int\u00e9resse, d\u00e8s cette \u00e9poque, au \u00ab &hellip; <\/p>\n<p class=\"link-more\"><a href=\"https:\/\/www.psy-sarthe.com\/?page_id=445\" class=\"more-link\">Continuer la lecture<span class=\"screen-reader-text\"> de &laquo;&nbsp;Ambroise-Auguste Li\u00e9beault&nbsp;&raquo;<\/span><\/a><\/p>\n","protected":false},"author":1,"featured_media":0,"parent":0,"menu_order":0,"comment_status":"closed","ping_status":"closed","template":"","meta":{"footnotes":""},"class_list":["post-445","page","type-page","status-publish","hentry"],"_links":{"self":[{"href":"https:\/\/www.psy-sarthe.com\/index.php?rest_route=\/wp\/v2\/pages\/445","targetHints":{"allow":["GET"]}}],"collection":[{"href":"https:\/\/www.psy-sarthe.com\/index.php?rest_route=\/wp\/v2\/pages"}],"about":[{"href":"https:\/\/www.psy-sarthe.com\/index.php?rest_route=\/wp\/v2\/types\/page"}],"author":[{"embeddable":true,"href":"https:\/\/www.psy-sarthe.com\/index.php?rest_route=\/wp\/v2\/users\/1"}],"replies":[{"embeddable":true,"href":"https:\/\/www.psy-sarthe.com\/index.php?rest_route=%2Fwp%2Fv2%2Fcomments&post=445"}],"version-history":[{"count":1,"href":"https:\/\/www.psy-sarthe.com\/index.php?rest_route=\/wp\/v2\/pages\/445\/revisions"}],"predecessor-version":[{"id":447,"href":"https:\/\/www.psy-sarthe.com\/index.php?rest_route=\/wp\/v2\/pages\/445\/revisions\/447"}],"wp:attachment":[{"href":"https:\/\/www.psy-sarthe.com\/index.php?rest_route=%2Fwp%2Fv2%2Fmedia&parent=445"}],"curies":[{"name":"wp","href":"https:\/\/api.w.org\/{rel}","templated":true}]}}