{"id":459,"date":"2019-09-17T18:35:26","date_gmt":"2019-09-17T16:35:26","guid":{"rendered":"http:\/\/www.psy-sarthe.com\/?page_id=459"},"modified":"2019-09-17T18:35:27","modified_gmt":"2019-09-17T16:35:27","slug":"james-esdaile","status":"publish","type":"page","link":"https:\/\/www.psy-sarthe.com\/?page_id=459","title":{"rendered":"James Esdaile"},"content":{"rendered":"<p><span style=\"color: #ff6600;\"><img loading=\"lazy\" decoding=\"async\" class=\" wp-image-460 alignleft\" src=\"http:\/\/www.psy-sarthe.com\/wp-content\/uploads\/2019\/09\/James-Esdaile-266x300.jpg\" alt=\"\" width=\"187\" height=\"211\" srcset=\"https:\/\/www.psy-sarthe.com\/wp-content\/uploads\/2019\/09\/James-Esdaile-266x300.jpg 266w, https:\/\/www.psy-sarthe.com\/wp-content\/uploads\/2019\/09\/James-Esdaile.jpg 537w\" sizes=\"auto, (max-width: 187px) 100vw, 187px\" \/>S\u2019il est un m\u00e9decin qui a marqu\u00e9 par son exp\u00e9rience \u00e0 la fois la chirurgie et l\u2019anesth\u00e9sie dans l\u2019histoire de la m\u00e9decine et du magn\u00e9tisme animal, c\u2019est bien James Esdaile (1808-1859).<\/span><\/p>\n<p><span style=\"color: #ff6600;\">Son travail en Inde l\u2019a rendu c\u00e9l\u00e8bre pour avoir pratiqu\u00e9 261 op\u00e9rations majeures (amputations de jambe, de bras, de la hanche, hernies \u00e9trangl\u00e9es, tumeurs scrotales parasitaires, cancers) sans douleur. Il convient pour mieux appr\u00e9cier ces r\u00e9sultats, qui nous semblent et sont \u00e0 juste titre spectaculaires, de les remettre dans le contexte de l\u2019\u00e9poque. Au milieu du XIXe si\u00e8cle, la chirurgie avait un taux de mortalit\u00e9 op\u00e9ratoire compris entre 30 et 50 %. Gr\u00e2ce au magn\u00e9tisme animal (d\u00e9nomination qui a pr\u00e9c\u00e9d\u00e9 celle d\u2019hypnose) le taux de mortalit\u00e9 atteint par Esdaile au cours de ses interventions \u00e9tait inf\u00e9rieur \u00e0 6%!<\/span><\/p>\n<p><span style=\"color: #ff6600;\">Au confort s\u2019ajoutait la survie ! Et cela alors que les antibiotiques n\u2019avaient pas \u00e9t\u00e9 d\u00e9couverts et que les r\u00e9animateurs \u00e9taient inconnus.<\/span><\/p>\n<p><span style=\"color: #ff6600;\">Cette exp\u00e9rience th\u00e9rapeutique qui dura de 1845 \u00e0 1851 est la seule qui ait exist\u00e9 avec cette ampleur, et elle marquera l\u2019histoire de la\u00a0 m\u00e9decine et du magn\u00e9tisme animal.<\/span><\/p>\n","protected":false},"excerpt":{"rendered":"<p>S\u2019il est un m\u00e9decin qui a marqu\u00e9 par son exp\u00e9rience \u00e0 la fois la chirurgie et l\u2019anesth\u00e9sie dans l\u2019histoire de la m\u00e9decine et du magn\u00e9tisme animal, c\u2019est bien James Esdaile (1808-1859). Son travail en Inde l\u2019a rendu c\u00e9l\u00e8bre pour avoir pratiqu\u00e9 261 op\u00e9rations majeures (amputations de jambe, de bras, de la hanche, hernies \u00e9trangl\u00e9es, tumeurs &hellip; <\/p>\n<p class=\"link-more\"><a href=\"https:\/\/www.psy-sarthe.com\/?page_id=459\" class=\"more-link\">Continuer la lecture<span class=\"screen-reader-text\"> de &laquo;&nbsp;James Esdaile&nbsp;&raquo;<\/span><\/a><\/p>\n","protected":false},"author":1,"featured_media":0,"parent":0,"menu_order":0,"comment_status":"closed","ping_status":"closed","template":"","meta":{"footnotes":""},"class_list":["post-459","page","type-page","status-publish","hentry"],"_links":{"self":[{"href":"https:\/\/www.psy-sarthe.com\/index.php?rest_route=\/wp\/v2\/pages\/459","targetHints":{"allow":["GET"]}}],"collection":[{"href":"https:\/\/www.psy-sarthe.com\/index.php?rest_route=\/wp\/v2\/pages"}],"about":[{"href":"https:\/\/www.psy-sarthe.com\/index.php?rest_route=\/wp\/v2\/types\/page"}],"author":[{"embeddable":true,"href":"https:\/\/www.psy-sarthe.com\/index.php?rest_route=\/wp\/v2\/users\/1"}],"replies":[{"embeddable":true,"href":"https:\/\/www.psy-sarthe.com\/index.php?rest_route=%2Fwp%2Fv2%2Fcomments&post=459"}],"version-history":[{"count":1,"href":"https:\/\/www.psy-sarthe.com\/index.php?rest_route=\/wp\/v2\/pages\/459\/revisions"}],"predecessor-version":[{"id":461,"href":"https:\/\/www.psy-sarthe.com\/index.php?rest_route=\/wp\/v2\/pages\/459\/revisions\/461"}],"wp:attachment":[{"href":"https:\/\/www.psy-sarthe.com\/index.php?rest_route=%2Fwp%2Fv2%2Fmedia&parent=459"}],"curies":[{"name":"wp","href":"https:\/\/api.w.org\/{rel}","templated":true}]}}