{"id":46,"date":"2009-01-01T11:11:09","date_gmt":"2009-01-01T09:11:09","guid":{"rendered":"http:\/\/www.psy-sarthe.com\/?page_id=46"},"modified":"2019-01-09T15:22:31","modified_gmt":"2019-01-09T14:22:31","slug":"ethique","status":"publish","type":"page","link":"https:\/\/www.psy-sarthe.com\/?page_id=46","title":{"rendered":"\u00c9thique"},"content":{"rendered":"<p><span style=\"color: #ff6600;\">Les professionnels de la relation d&rsquo;aide sont soumis \u00e0 des r\u00e8gles \u00e9thiques strictes dans leur pratique. Les patients, des personnes le plus souvent en difficult\u00e9, sont vuln\u00e9rables. Il est notamment n\u00e9cessaire de veiller \u00e0 respecter identit\u00e9 des patients, confidentialit\u00e9 des \u00e9changes, attitude neutre du th\u00e9rapeute, non-jugeante, non-directive et bienveillante.<\/span><\/p>\n<p><span style=\"color: #ff6600;\">M\u00eame si la plupart des praticiens sont de bonne foi, le danger sectaire chez de \u00ab faux praticiens \u00bb n&rsquo;est pas n\u00e9gligeable, du fait de la position du professionnel.<\/span><\/p>\n<p><span style=\"color: #ff6600;\">En effet, \u00ab le domaine de la psychoth\u00e9rapie est un terreau propice aux d\u00e9rives sectaires \u00bb, car entre le patient et le th\u00e9rapeute se noue une relation particuli\u00e8re, que les psychanalystes nomment transfert, qui fait que le patient peut d\u00e9velopper des sentiments extr\u00eamement forts (d&rsquo;amour, de haine, de soumission, etc..) envers son th\u00e9rapeute. Il est alors indispensable que ce dernier ait une formation et une \u00e9thique rigoureuses pour \u00e9viter que ne se mette en place une relation d&#8217;emprise, comme on peut l&rsquo;observer avec les gourous.<\/span><\/p>\n<p><span style=\"color: #ff6600;\">Un certain nombre de conseils peuvent \u00eatre donn\u00e9s \u00e0 qui souhaite entreprendre une psychoth\u00e9rapie :<\/span><\/p>\n<ul>\n<li><span style=\"color: #ff6600;\">la psychoth\u00e9rapie doit r\u00e9sulter d&rsquo;un contrat oral et\/ou \u00e9crit qui repose en principe sur le volontariat du patient et du th\u00e9rapeute (exception dans les milieux p\u00e9nitentiaires) ; <\/span><\/li>\n<li><span style=\"color: #ff6600;\">le th\u00e9rapeute doit \u00eatre form\u00e9 dans un courant psychoth\u00e9rapeutique et doit pouvoir l&rsquo;expliquer au patient ; <\/span><\/li>\n<li><span style=\"color: #ff6600;\">il doit pr\u00e9ciser la technique qu&rsquo;il va employer, ses modalit\u00e9s de mise en \u0153uvre, ses limites, la th\u00e9orie qu&rsquo;il utilise, le co\u00fbt du traitement, les modalit\u00e9s de paiement\u2026 <\/span><\/li>\n<li><span style=\"color: #ff6600;\">le but du traitement est le soulagement des souffrances psychiques, l&rsquo;acc\u00e8s \u00e0 une plus grande libert\u00e9 individuelle et le renforcement de l&rsquo;autonomie ; <\/span><\/li>\n<li><span style=\"color: #ff6600;\">un(e) th\u00e9rapeute ne cherchera pas \u00e0 opposer un patient \u00e0 sa famille et \u00e0 son milieu culturel ; <\/span><\/li>\n<li><span style=\"color: #ff6600;\">la psychoth\u00e9rapie peut beaucoup am\u00e9liorer le cours de maladies du corps mais elle ne remplace pas les traitements m\u00e9dicaux; <\/span><\/li>\n<li><span style=\"color: #ff6600;\">la psychoth\u00e9rapie doit \u00eatre faite en concertation avec le m\u00e9decin traitant;<\/span><br \/>\n<span style=\"color: #ff6600;\">le th\u00e9rapeute ne peut exiger l&rsquo;arr\u00eat d&rsquo;un traitement m\u00e9dical unilat\u00e9ralement, il doit aussi se refuser \u00e0 donner un avis m\u00e9dical (traitement, diagnostic, \u2026).<\/span><\/li>\n<\/ul>\n","protected":false},"excerpt":{"rendered":"<p>Les professionnels de la relation d&rsquo;aide sont soumis \u00e0 des r\u00e8gles \u00e9thiques strictes dans leur pratique. Les patients, des personnes le plus souvent en difficult\u00e9, sont vuln\u00e9rables. Il est notamment n\u00e9cessaire de veiller \u00e0 respecter identit\u00e9 des patients, confidentialit\u00e9 des \u00e9changes, attitude neutre du th\u00e9rapeute, non-jugeante, non-directive et bienveillante. M\u00eame si la plupart des praticiens &hellip; <\/p>\n<p class=\"link-more\"><a href=\"https:\/\/www.psy-sarthe.com\/?page_id=46\" class=\"more-link\">Continuer la lecture<span class=\"screen-reader-text\"> de &laquo;&nbsp;\u00c9thique&nbsp;&raquo;<\/span><\/a><\/p>\n","protected":false},"author":1,"featured_media":0,"parent":28,"menu_order":0,"comment_status":"closed","ping_status":"open","template":"","meta":{"footnotes":""},"class_list":["post-46","page","type-page","status-publish","hentry"],"_links":{"self":[{"href":"https:\/\/www.psy-sarthe.com\/index.php?rest_route=\/wp\/v2\/pages\/46","targetHints":{"allow":["GET"]}}],"collection":[{"href":"https:\/\/www.psy-sarthe.com\/index.php?rest_route=\/wp\/v2\/pages"}],"about":[{"href":"https:\/\/www.psy-sarthe.com\/index.php?rest_route=\/wp\/v2\/types\/page"}],"author":[{"embeddable":true,"href":"https:\/\/www.psy-sarthe.com\/index.php?rest_route=\/wp\/v2\/users\/1"}],"replies":[{"embeddable":true,"href":"https:\/\/www.psy-sarthe.com\/index.php?rest_route=%2Fwp%2Fv2%2Fcomments&post=46"}],"version-history":[{"count":3,"href":"https:\/\/www.psy-sarthe.com\/index.php?rest_route=\/wp\/v2\/pages\/46\/revisions"}],"predecessor-version":[{"id":136,"href":"https:\/\/www.psy-sarthe.com\/index.php?rest_route=\/wp\/v2\/pages\/46\/revisions\/136"}],"up":[{"embeddable":true,"href":"https:\/\/www.psy-sarthe.com\/index.php?rest_route=\/wp\/v2\/pages\/28"}],"wp:attachment":[{"href":"https:\/\/www.psy-sarthe.com\/index.php?rest_route=%2Fwp%2Fv2%2Fmedia&parent=46"}],"curies":[{"name":"wp","href":"https:\/\/api.w.org\/{rel}","templated":true}]}}