{"id":467,"date":"2019-09-17T19:08:10","date_gmt":"2019-09-17T17:08:10","guid":{"rendered":"http:\/\/www.psy-sarthe.com\/?page_id=467"},"modified":"2019-09-17T19:09:45","modified_gmt":"2019-09-17T17:09:45","slug":"milton-erickson","status":"publish","type":"page","link":"https:\/\/www.psy-sarthe.com\/?page_id=467","title":{"rendered":"Milton Erickson"},"content":{"rendered":"<p><span style=\"color: #ff6600;\"><img loading=\"lazy\" decoding=\"async\" class=\"size-full wp-image-468 alignleft\" src=\"http:\/\/www.psy-sarthe.com\/wp-content\/uploads\/2019\/09\/Milton-Erickson.jpg\" alt=\"\" width=\"200\" height=\"250\" \/>Milton Hyland Erickson, n\u00e9 le 5 d\u00e9cembre 1901 aux USA, est un psychiatre et psychologue am\u00e9ricain qui a jou\u00e9 un r\u00f4le essentiel dans le renouvellement de l&rsquo;hypnose clinique et a consacr\u00e9 de nombreux travaux \u00e0 l&rsquo;hypnose th\u00e9rapeutique.<\/span><\/p>\n<p><span style=\"color: #ff6600;\">Erickson \u00e9tait un enfant daltonien, dyslexique, et qui avait de la difficult\u00e9 \u00e0 reconna\u00eetre les sons. Il contracta une grave poliomy\u00e9lite \u00e0 l\u2019\u00e2ge de 17 ans. Compl\u00e8tement paralys\u00e9, il ne pouvait que parler et bouger les yeux. Il\u00a0 fut soign\u00e9 par une infirmi\u00e8re qui pr\u00e9conisait des enveloppements chauds, des massages et la mobilisation des membres paralys\u00e9s, avec la participation du patient. Cela jouera un r\u00f4le, en d\u00e9cidant Erickson \u00e0 essayer de surmonter par lui-m\u00eame son handicap.<\/span><\/p>\n<p><span style=\"color: #ff6600;\">C\u2019est ainsi qu\u2019il avait cr\u00e9e une m\u00e9thode de concentration mentale sur un mouvement minimal, recommen\u00e7ant sans cesse mentalement le m\u00eame mouvement. Et, \u00e0 mesure que les forces revenaient, il profita de toutes les occasions pour faire fonctionner un nombre croissant de muscles. Il apprit \u00e0 marcher avec des b\u00e9quilles, puis \u00e0 conserver son \u00e9quilibre sur une bicyclette. Enfin, en d\u00e9pit de son handicap physique, il fit tout seul une randonn\u00e9e en cano\u00eb\u00a0 qui dura tout un \u00e9t\u00e9, avant d\u2019entreprendre ses \u00e9tudes de m\u00e9decine.\u00a0 Il devient psychiatre, en 1920 \u00e0 l\u2019universit\u00e9 du Wisconsin sous la direction d\u2019un chirurgien peu convaincu de cette nouvelle discipline. \u00c0 la fin de ses \u00e9tudes, il exer\u00e7a pendant un an la fonction d\u2019interne en m\u00e9decine dans un h\u00f4pital psychiatrique.<\/span><\/p>\n<p><span style=\"color: #ff6600;\">D\u00e9s 1923 il s&rsquo;int\u00e9ressa \u00e0 l&rsquo;hypnose. Il se d\u00e9tacha tr\u00e8s vite des conceptions rigides de ses ma\u00eetres et se lan\u00e7a dans des recherches personnelles. Il fit preuve d&rsquo;une cr\u00e9ativit\u00e9 exceptionnelle qui lui permit de faire de nombreuses d\u00e9couvertes sur l&rsquo;esprit humain et sur l&rsquo;inconscient. Cela lui permit de mettre au point une approche globale de la psychoth\u00e9rapie.<\/span><\/p>\n<p><span style=\"color: #ff6600;\">Au d\u00e9but de sa carri\u00e8re, ses m\u00e9thodes non orthodoxes lui valurent l&rsquo;hostilit\u00e9 de ses confr\u00e8res. Il dut m\u00eame passer devant une commission qui devait d\u00e9cider de son exclusion du corps m\u00e9dical. Heureusement, en communicateur virtuose qu&rsquo;il \u00e9tait, il r\u00e9ussit \u00e0 les convaincre de ne rien faire.<\/span><\/p>\n<p><span style=\"color: #ff6600;\">Erickson publia de nombreux articles, la plupart traitant de l&rsquo;hypnose. Il voyagea beaucoup aux \u00c9tats-Unis et un peu \u00e0 l&rsquo;\u00e9tranger pour animer des conf\u00e9rences sur l&rsquo;hypnose.<\/span><\/p>\n<p><span style=\"color: #ff6600;\">Sa ma\u00eetrise de l&rsquo;hypnose \u00e9tait extraordinaire, et ses d\u00e9monstrations \u00e9taient souvent incroyables. Par exemple, il lui est arriv\u00e9 de mettre en transe et de faire venir sur sc\u00e8ne deux femmes de l&rsquo;assistance, qu&rsquo;il ne connaissait absolument pas, sans jamais s&rsquo;adresser \u00e0 elles directement, devant tout le monde et sans que personne ne se rende compte de ce qu&rsquo;il \u00e9tait en train de faire ! Ou bien, une autre fois, au Mexique, il mit en transe une personne qui ne parlait pas l&rsquo;anglais, sans prononcer une parole, simplement avec des gestes !<\/span><\/p>\n<p><span style=\"color: #ff6600;\">Ses r\u00e9sultats en psychoth\u00e9rapie \u00e9taient eux aussi incroyables. Il obtenait des r\u00e9sultats l\u00e0 o\u00f9 tous les autres th\u00e9rapeutes avaient abandonn\u00e9. Des patients \u00ab\u00a0impossibles\u00a0\u00bb venaient de tous les \u00e9tat-Unis pour se faire soigner par lui. Plusieurs livres ont \u00e9t\u00e9 \u00e9crits sur ses techniques th\u00e9rapeutiques extraordinaires.<\/span><\/p>\n<p><span style=\"color: #ff6600;\">Les travaux d&rsquo;Erickson furent accessibles au plus grand nombre gr\u00e2ce \u00e0 un premier ouvrage de Jay Haley, \u00ab\u00a0Un th\u00e9rapeute hors du commun: Milton Erickson\u00a0\u00bb, datant de 1973. Puis de nombreux th\u00e9rapeutes virent le voir pour recevoir son enseignement (7). Il eut une influence capitale sur les nouveaux courants de la psychoth\u00e9rapie: PNL, th\u00e9rapie syst\u00e9mique, th\u00e9rapie strat\u00e9gique, th\u00e9rapie orient\u00e9e solution, etc..<\/span><\/p>\n<p><span style=\"color: #ff6600;\">Erickson n&rsquo;\u00e9tait pas un th\u00e9oricien, il ne d\u00e9veloppa aucune th\u00e9orie. Tout son enseignement \u00e9tait ax\u00e9 sur des r\u00e9sultats pratiques. Il croyait profond\u00e9ment que toute th\u00e9orie formelle de la personnalit\u00e9 ne pouvait que limiter le psychoth\u00e9rapeute et le rendre plus rigide. Il ne s&rsquo;est jamais pr\u00e9sent\u00e9 comme le chef de file d&rsquo;un mouvement ou d&rsquo;une secte. Il n&rsquo;avait aucune envie de fonder une \u00e9cole de psychoth\u00e9rapie.<\/span><\/p>\n<p><span style=\"color: #ff6600;\">Son approche innovante en psychoth\u00e9rapie repose sur la conviction que le patient poss\u00e8de en lui les ressources pour r\u00e9pondre de mani\u00e8re appropri\u00e9e aux situations qu&rsquo;il rencontre : il s&rsquo;agit par cons\u00e9quent d&rsquo;utiliser ses comp\u00e9tences et ses possibilit\u00e9s d&rsquo;adaptation personnelles.<\/span><\/p>\n","protected":false},"excerpt":{"rendered":"<p>Milton Hyland Erickson, n\u00e9 le 5 d\u00e9cembre 1901 aux USA, est un psychiatre et psychologue am\u00e9ricain qui a jou\u00e9 un r\u00f4le essentiel dans le renouvellement de l&rsquo;hypnose clinique et a consacr\u00e9 de nombreux travaux \u00e0 l&rsquo;hypnose th\u00e9rapeutique. Erickson \u00e9tait un enfant daltonien, dyslexique, et qui avait de la difficult\u00e9 \u00e0 reconna\u00eetre les sons. Il contracta &hellip; <\/p>\n<p class=\"link-more\"><a href=\"https:\/\/www.psy-sarthe.com\/?page_id=467\" class=\"more-link\">Continuer la lecture<span class=\"screen-reader-text\"> de &laquo;&nbsp;Milton Erickson&nbsp;&raquo;<\/span><\/a><\/p>\n","protected":false},"author":1,"featured_media":0,"parent":0,"menu_order":0,"comment_status":"closed","ping_status":"closed","template":"","meta":{"footnotes":""},"class_list":["post-467","page","type-page","status-publish","hentry"],"_links":{"self":[{"href":"https:\/\/www.psy-sarthe.com\/index.php?rest_route=\/wp\/v2\/pages\/467","targetHints":{"allow":["GET"]}}],"collection":[{"href":"https:\/\/www.psy-sarthe.com\/index.php?rest_route=\/wp\/v2\/pages"}],"about":[{"href":"https:\/\/www.psy-sarthe.com\/index.php?rest_route=\/wp\/v2\/types\/page"}],"author":[{"embeddable":true,"href":"https:\/\/www.psy-sarthe.com\/index.php?rest_route=\/wp\/v2\/users\/1"}],"replies":[{"embeddable":true,"href":"https:\/\/www.psy-sarthe.com\/index.php?rest_route=%2Fwp%2Fv2%2Fcomments&post=467"}],"version-history":[{"count":2,"href":"https:\/\/www.psy-sarthe.com\/index.php?rest_route=\/wp\/v2\/pages\/467\/revisions"}],"predecessor-version":[{"id":471,"href":"https:\/\/www.psy-sarthe.com\/index.php?rest_route=\/wp\/v2\/pages\/467\/revisions\/471"}],"wp:attachment":[{"href":"https:\/\/www.psy-sarthe.com\/index.php?rest_route=%2Fwp%2Fv2%2Fmedia&parent=467"}],"curies":[{"name":"wp","href":"https:\/\/api.w.org\/{rel}","templated":true}]}}