{"id":481,"date":"2019-09-17T20:09:52","date_gmt":"2019-09-17T18:09:52","guid":{"rendered":"http:\/\/www.psy-sarthe.com\/?page_id=481"},"modified":"2019-09-17T20:09:53","modified_gmt":"2019-09-17T18:09:53","slug":"vladimir-bekhterev","status":"publish","type":"page","link":"https:\/\/www.psy-sarthe.com\/?page_id=481","title":{"rendered":"Vladimir Bekhterev"},"content":{"rendered":"<p><span style=\"color: #ff6600;\"><img loading=\"lazy\" decoding=\"async\" class=\"size-full wp-image-482 alignleft\" src=\"http:\/\/www.psy-sarthe.com\/wp-content\/uploads\/2019\/09\/bekhterev.jpg\" alt=\"\" width=\"175\" height=\"261\" \/>Au cours du XIXe si\u00e8cle, deux grands pays \u00e9tudient et d\u00e9veloppent des recherches sur le ph\u00e9nom\u00e8ne hypnotique, la Russie et les \u00c9tats-Unis. Le 20 janvier 1857 na\u00eet dans un petit village du Tatarstan, mille kilom\u00e8tres au sud-est de Moscou, Vladimir Mikhailovich Bekhterev.<\/span><\/p>\n<p><span style=\"color: #ff6600;\">Apr\u00e8s des \u00e9tudes de m\u00e9decine, nous le retrouvons en 1884 dans le service de Charcot \u00e0 Paris, comme m\u00e9decin stagiaire en neurologie. Il d\u00e9couvre une hypnose nouvelle qu\u2019il met en lien avec sa connaissance de la transe chamanique dans son pays. Il devient un des plus grands m\u00e9decins du si\u00e8cle dernier, neurophysiologiste de talent ; il est le premier \u00e0 d\u00e9crire la spondylarthrite ankylosante et r\u00e9alise d\u2019exceptionnelles coupes anatomiques du cerveau.<\/span><\/p>\n<p><span style=\"color: #ff6600;\">Il d\u00e9veloppe l\u2019hypnose en Russie et utilise cette technique pour traiter les alcooliques. Vous trouverez sur Internet de merveilleux petits films du d\u00e9but du si\u00e8cle dernier montrant Bekhterev pratiquant l\u2019hypnose sur des groupes de patients alcooliques.<\/span><\/p>\n<p><span style=\"color: #ff6600;\">Vladimir Bekhterev, ainsi que Pavlov, s\u2019adaptent aux temps sovi\u00e9tiques et contribuent au d\u00e9veloppement d\u2019un puissant mouvement hypnotique en Russie qui r\u00e9sistera \u00e0 la tragique p\u00e9riode stalinienne et qui est encore actif aujourd\u2019hui.<\/span><\/p>\n<p><span style=\"color: #ff6600;\">Il r\u00e9alise un travail de recherche important dans ce domaine, malheureusement pass\u00e9 inaper\u00e7u en Occident \u00e0 cause du rideau de fer.<\/span><\/p>\n","protected":false},"excerpt":{"rendered":"<p>Au cours du XIXe si\u00e8cle, deux grands pays \u00e9tudient et d\u00e9veloppent des recherches sur le ph\u00e9nom\u00e8ne hypnotique, la Russie et les \u00c9tats-Unis. Le 20 janvier 1857 na\u00eet dans un petit village du Tatarstan, mille kilom\u00e8tres au sud-est de Moscou, Vladimir Mikhailovich Bekhterev. Apr\u00e8s des \u00e9tudes de m\u00e9decine, nous le retrouvons en 1884 dans le service &hellip; <\/p>\n<p class=\"link-more\"><a href=\"https:\/\/www.psy-sarthe.com\/?page_id=481\" class=\"more-link\">Continuer la lecture<span class=\"screen-reader-text\"> de &laquo;&nbsp;Vladimir Bekhterev&nbsp;&raquo;<\/span><\/a><\/p>\n","protected":false},"author":1,"featured_media":0,"parent":0,"menu_order":0,"comment_status":"closed","ping_status":"closed","template":"","meta":{"footnotes":""},"class_list":["post-481","page","type-page","status-publish","hentry"],"_links":{"self":[{"href":"https:\/\/www.psy-sarthe.com\/index.php?rest_route=\/wp\/v2\/pages\/481","targetHints":{"allow":["GET"]}}],"collection":[{"href":"https:\/\/www.psy-sarthe.com\/index.php?rest_route=\/wp\/v2\/pages"}],"about":[{"href":"https:\/\/www.psy-sarthe.com\/index.php?rest_route=\/wp\/v2\/types\/page"}],"author":[{"embeddable":true,"href":"https:\/\/www.psy-sarthe.com\/index.php?rest_route=\/wp\/v2\/users\/1"}],"replies":[{"embeddable":true,"href":"https:\/\/www.psy-sarthe.com\/index.php?rest_route=%2Fwp%2Fv2%2Fcomments&post=481"}],"version-history":[{"count":1,"href":"https:\/\/www.psy-sarthe.com\/index.php?rest_route=\/wp\/v2\/pages\/481\/revisions"}],"predecessor-version":[{"id":483,"href":"https:\/\/www.psy-sarthe.com\/index.php?rest_route=\/wp\/v2\/pages\/481\/revisions\/483"}],"wp:attachment":[{"href":"https:\/\/www.psy-sarthe.com\/index.php?rest_route=%2Fwp%2Fv2%2Fmedia&parent=481"}],"curies":[{"name":"wp","href":"https:\/\/api.w.org\/{rel}","templated":true}]}}