{"id":5,"date":"2009-01-01T11:11:46","date_gmt":"2009-01-01T09:11:46","guid":{"rendered":"http:\/\/www.psy-sarthe.com\/?page_id=5"},"modified":"2019-01-09T18:22:09","modified_gmt":"2019-01-09T17:22:09","slug":"notre-cadre-reglementaire","status":"publish","type":"page","link":"https:\/\/www.psy-sarthe.com\/?page_id=5","title":{"rendered":"Pour quoi ?"},"content":{"rendered":"<p><span style=\"color: #ff6600;\">Pourquoi entreprendre une psychoth\u00e9rapie ?<\/span><\/p>\n<ul>\n<li><span style=\"color: #ff6600;\">Pour cesser de souffrir psychologiquement (phobies, angoisses, anxi\u00e9t\u00e9, panique, d\u00e9prime r\u00e9currente, \u2026).<\/span><\/li>\n<li><span style=\"color: #ff6600;\">Pour r\u00e9gler des probl\u00e8mes affectifs ou relationnels (obsessions, timidit\u00e9, estime de soi, \u00e9checs amoureux, \u2026).<\/span><\/li>\n<li><span style=\"color: #ff6600;\">Pour modifier des comportements qui nuisent au bien-\u00eatre (stress post-traumatique, d\u00e9pendances diverses, maux imaginaires, dysfonctions sexuelles, \u2026).<\/span><\/li>\n<li><span style=\"color: #ff6600;\">Pour faire face \u00e0 une crise existentielle (apr\u00e8s quoi je cours ?, r\u00e9orientation de carri\u00e8re, \u2026).<\/span><\/li>\n<\/ul>\n<p><span style=\"color: #ff6600;\">Des patients y ont \u00e9galement recours, non pas tant pour r\u00e9gler des probl\u00e8mes sp\u00e9cifiques, mais pour acqu\u00e9rir de nouveaux outils afin de se r\u00e9aliser pleinement ou pour am\u00e9liorer l\u2019ad\u00e9quation entre leurs valeurs et la r\u00e9alit\u00e9 de leur vie.<\/span><\/p>\n<p><span style=\"color: #ff6600;\">De fa\u00e7on g\u00e9n\u00e9rale, on peut dire que les probl\u00e8mes psychologiques (excluant les maladies mentales) rel\u00e8vent de la rencontre de facteurs personnels (bagage g\u00e9n\u00e9tique, temp\u00e9rament, mode de vie, etc) et sociaux (exp\u00e9riences affectives de la petite enfance, \u00e9ducation, classe sociale, culture, \u00e9v\u00e9nements ponctuels, etc).<\/span><\/p>\n<p><span style=\"color: #ff6600;\">Nous pensons actuellement que plusieurs \u00e9l\u00e9ments peuvent engendrer des probl\u00e8mes psychologiques : avoir subi une \u00e9preuve ou un traumatisme (deuil, maladie, licenciement, agression), avoir une vie de couple ou familiale insatisfaisante, \u00e9prouver une d\u00e9pendance (drogue, tabac, nourriture, alcool, jeu, \u2026), se trouver dans un environnement de travail trop lourd \u00e0 porter, etc.<\/span><\/p>\n","protected":false},"excerpt":{"rendered":"<p>Pourquoi entreprendre une psychoth\u00e9rapie ? Pour cesser de souffrir psychologiquement (phobies, angoisses, anxi\u00e9t\u00e9, panique, d\u00e9prime r\u00e9currente, \u2026). Pour r\u00e9gler des probl\u00e8mes affectifs ou relationnels (obsessions, timidit\u00e9, estime de soi, \u00e9checs amoureux, \u2026). Pour modifier des comportements qui nuisent au bien-\u00eatre (stress post-traumatique, d\u00e9pendances diverses, maux imaginaires, dysfonctions sexuelles, \u2026). Pour faire face \u00e0 une crise &hellip; <\/p>\n<p class=\"link-more\"><a href=\"https:\/\/www.psy-sarthe.com\/?page_id=5\" class=\"more-link\">Continuer la lecture<span class=\"screen-reader-text\"> de &laquo;&nbsp;Pour quoi ?&nbsp;&raquo;<\/span><\/a><\/p>\n","protected":false},"author":1,"featured_media":0,"parent":0,"menu_order":2,"comment_status":"closed","ping_status":"open","template":"","meta":{"footnotes":""},"class_list":["post-5","page","type-page","status-publish","hentry"],"_links":{"self":[{"href":"https:\/\/www.psy-sarthe.com\/index.php?rest_route=\/wp\/v2\/pages\/5","targetHints":{"allow":["GET"]}}],"collection":[{"href":"https:\/\/www.psy-sarthe.com\/index.php?rest_route=\/wp\/v2\/pages"}],"about":[{"href":"https:\/\/www.psy-sarthe.com\/index.php?rest_route=\/wp\/v2\/types\/page"}],"author":[{"embeddable":true,"href":"https:\/\/www.psy-sarthe.com\/index.php?rest_route=\/wp\/v2\/users\/1"}],"replies":[{"embeddable":true,"href":"https:\/\/www.psy-sarthe.com\/index.php?rest_route=%2Fwp%2Fv2%2Fcomments&post=5"}],"version-history":[{"count":4,"href":"https:\/\/www.psy-sarthe.com\/index.php?rest_route=\/wp\/v2\/pages\/5\/revisions"}],"predecessor-version":[{"id":243,"href":"https:\/\/www.psy-sarthe.com\/index.php?rest_route=\/wp\/v2\/pages\/5\/revisions\/243"}],"wp:attachment":[{"href":"https:\/\/www.psy-sarthe.com\/index.php?rest_route=%2Fwp%2Fv2%2Fmedia&parent=5"}],"curies":[{"name":"wp","href":"https:\/\/api.w.org\/{rel}","templated":true}]}}