{"id":51,"date":"2019-01-04T12:21:01","date_gmt":"2019-01-04T11:21:01","guid":{"rendered":"http:\/\/www.psy-sarthe.com\/?page_id=51"},"modified":"2019-01-09T18:46:29","modified_gmt":"2019-01-09T17:46:29","slug":"douleur","status":"publish","type":"page","link":"https:\/\/www.psy-sarthe.com\/?page_id=51","title":{"rendered":"Douleur"},"content":{"rendered":"<p><span style=\"color: #ff6600;\">Dans le cadre de la prise en charge de la douleur, un travail th\u00e9rapeutique est toujours b\u00e9n\u00e9fique pour les patients. En effet, les douleurs physiques peuvent entra\u00eener des difficult\u00e9s personnelles, de l\u2019anxi\u00e9t\u00e9, voire un mal-\u00eatre profond, jusqu&rsquo;\u00e0 la d\u00e9pression. Inversement, des douleurs chroniques peuvent prendre leur origine dans un v\u00e9cu douloureux, une histoire personnelle difficile.<\/span><\/p>\n<p><span style=\"color: #ff6600;\">L\u2019hypnose est un outil puissant et efficace dans le travail avec les patients souffrant de douleurs physiques. A travers son processus, son action sur le corps et l\u2019inconscient, l\u2019hypnose permet au patient de modifier sa douleur, de l\u2019att\u00e9nuer, voire de la supprimer.\u00a0 Elle favorise \u00e9galement le d\u00e9veloppement des ressources et des capacit\u00e9s propres du patient, puis le remet dans un mouvement de vie.<\/span><\/p>\n<p><span style=\"color: #ff6600;\">Un travail th\u00e9rapeutique, associ\u00e9 \u00e0 des outils comme l\u2019hypnose et les mouvements oculaires, peut permettre au patient de sortir de l\u2019impasse dans laquelle la douleur l\u2019enferme. La th\u00e9rapie consiste \u00e0 restructurer les pens\u00e9es n\u00e9gatives ou irr\u00e9alistes qui alimentent la d\u00e9tresse psychologique. C\u2019est ce qui en fait un outil pr\u00e9cieux pour g\u00e9rer et r\u00e9duire la douleur chronique.<\/span><\/p>\n<p><span style=\"color: #ff6600;\">Des \u00e9tudes indiquent que cette approche est, en g\u00e9n\u00e9ral, tr\u00e8s efficace pour diminuer la douleur et que ses effets se maintiennent dans le temps, soit de quatre \u00e0 six mois suivant le traitement.<\/span><\/p>\n<p class=\"MsoNormal\" style=\"margin: 0cm 0cm 0pt;\">\n<p class=\"MsoNormal\" style=\"margin: 0cm 0cm 0pt;\">\n<p class=\"MsoNormal\" style=\"margin: 0cm 0cm 0pt;\"><span style=\"font-family: Times New Roman; font-size: small; color: #ff6600;\">\u00a0<\/span><\/p>\n","protected":false},"excerpt":{"rendered":"<p>Dans le cadre de la prise en charge de la douleur, un travail th\u00e9rapeutique est toujours b\u00e9n\u00e9fique pour les patients. En effet, les douleurs physiques peuvent entra\u00eener des difficult\u00e9s personnelles, de l\u2019anxi\u00e9t\u00e9, voire un mal-\u00eatre profond, jusqu&rsquo;\u00e0 la d\u00e9pression. Inversement, des douleurs chroniques peuvent prendre leur origine dans un v\u00e9cu douloureux, une histoire personnelle difficile. &hellip; <\/p>\n<p class=\"link-more\"><a href=\"https:\/\/www.psy-sarthe.com\/?page_id=51\" class=\"more-link\">Continuer la lecture<span class=\"screen-reader-text\"> de &laquo;&nbsp;Douleur&nbsp;&raquo;<\/span><\/a><\/p>\n","protected":false},"author":1,"featured_media":0,"parent":5,"menu_order":9,"comment_status":"closed","ping_status":"open","template":"","meta":{"footnotes":""},"class_list":["post-51","page","type-page","status-publish","hentry"],"_links":{"self":[{"href":"https:\/\/www.psy-sarthe.com\/index.php?rest_route=\/wp\/v2\/pages\/51","targetHints":{"allow":["GET"]}}],"collection":[{"href":"https:\/\/www.psy-sarthe.com\/index.php?rest_route=\/wp\/v2\/pages"}],"about":[{"href":"https:\/\/www.psy-sarthe.com\/index.php?rest_route=\/wp\/v2\/types\/page"}],"author":[{"embeddable":true,"href":"https:\/\/www.psy-sarthe.com\/index.php?rest_route=\/wp\/v2\/users\/1"}],"replies":[{"embeddable":true,"href":"https:\/\/www.psy-sarthe.com\/index.php?rest_route=%2Fwp%2Fv2%2Fcomments&post=51"}],"version-history":[{"count":3,"href":"https:\/\/www.psy-sarthe.com\/index.php?rest_route=\/wp\/v2\/pages\/51\/revisions"}],"predecessor-version":[{"id":261,"href":"https:\/\/www.psy-sarthe.com\/index.php?rest_route=\/wp\/v2\/pages\/51\/revisions\/261"}],"up":[{"embeddable":true,"href":"https:\/\/www.psy-sarthe.com\/index.php?rest_route=\/wp\/v2\/pages\/5"}],"wp:attachment":[{"href":"https:\/\/www.psy-sarthe.com\/index.php?rest_route=%2Fwp%2Fv2%2Fmedia&parent=51"}],"curies":[{"name":"wp","href":"https:\/\/api.w.org\/{rel}","templated":true}]}}