{"id":63,"date":"2011-03-08T20:24:12","date_gmt":"2011-03-08T19:24:12","guid":{"rendered":"http:\/\/www.psy-sarthe.com\/?page_id=63"},"modified":"2019-01-09T15:53:30","modified_gmt":"2019-01-09T14:53:30","slug":"enfants","status":"publish","type":"page","link":"https:\/\/www.psy-sarthe.com\/?page_id=63","title":{"rendered":"Enfants"},"content":{"rendered":"<ul><!-- [if gte mso 9]><xml> <w:WordDocument> <w:View>Normal<\/w:View> <w:Zoom>0<\/w:Zoom> <w:HyphenationZone>21<\/w:HyphenationZone> <w:PunctuationKerning \/> <w:ValidateAgainstSchemas \/> <w:SaveIfXMLInvalid>false<\/w:SaveIfXMLInvalid> <w:IgnoreMixedContent>false<\/w:IgnoreMixedContent> <w:AlwaysShowPlaceholderText>false<\/w:AlwaysShowPlaceholderText> <w:Compatibility> <w:BreakWrappedTables \/> <w:SnapToGridInCell \/> <w:WrapTextWithPunct \/> <w:UseAsianBreakRules \/> <w:DontGrowAutofit \/> <\/w:Compatibility> <w:BrowserLevel>MicrosoftInternetExplorer4<\/w:BrowserLevel> <\/w:WordDocument> <\/xml><![endif]--><!-- [if gte mso 9]><xml> <w:LatentStyles DefLockedState=\"false\" LatentStyleCount=\"156\"> <\/w:LatentStyles> <\/xml><![endif]--><!-- [if gte mso 10]>\n\n\n\n<style>\n\/* Style Definitions *\/\ntable.MsoNormalTable\n{mso-style-name:\"Tableau Normal\";\nmso-tstyle-rowband-size:0;\nmso-tstyle-colband-size:0;\nmso-style-noshow:yes;\nmso-style-parent:\"\";\nmso-padding-alt:0cm 5.4pt 0cm 5.4pt;\nmso-para-margin:0cm;\nmso-para-margin-bottom:.0001pt;\nmso-pagination:widow-orphan;\nfont-size:10.0pt;\nfont-family:\"Times New Roman\";\nmso-ansi-language:#0400;\nmso-fareast-language:#0400;\nmso-bidi-language:#0400;}\n<\/style>\n\n\n\n<![endif]--><\/ul>\n<p><!-- [if gte mso 9]><xml> <w:WordDocument> <w:View>Normal<\/w:View> <w:Zoom>0<\/w:Zoom> <w:HyphenationZone>21<\/w:HyphenationZone> <w:PunctuationKerning \/> <w:ValidateAgainstSchemas \/> <w:SaveIfXMLInvalid>false<\/w:SaveIfXMLInvalid> <w:IgnoreMixedContent>false<\/w:IgnoreMixedContent> <w:AlwaysShowPlaceholderText>false<\/w:AlwaysShowPlaceholderText> <w:Compatibility> <w:BreakWrappedTables \/> <w:SnapToGridInCell \/> <w:WrapTextWithPunct \/> <w:UseAsianBreakRules \/> <w:DontGrowAutofit \/> <\/w:Compatibility> <w:BrowserLevel>MicrosoftInternetExplorer4<\/w:BrowserLevel> <\/w:WordDocument> <\/xml><![endif]--><!-- [if gte mso 9]><xml> <w:LatentStyles DefLockedState=\"false\" LatentStyleCount=\"156\"> <\/w:LatentStyles> <\/xml><![endif]--><!-- [if gte mso 10]>\n\n\n\n<style>\n\/* Style Definitions *\/\ntable.MsoNormalTable\n{mso-style-name:\"Tableau Normal\";\nmso-tstyle-rowband-size:0;\nmso-tstyle-colband-size:0;\nmso-style-noshow:yes;\nmso-style-parent:\"\";\nmso-padding-alt:0cm 5.4pt 0cm 5.4pt;\nmso-para-margin:0cm;\nmso-para-margin-bottom:.0001pt;\nmso-pagination:widow-orphan;\nfont-size:10.0pt;\nfont-family:\"Times New Roman\";\nmso-ansi-language:#0400;\nmso-fareast-language:#0400;\nmso-bidi-language:#0400;}\n<\/style>\n\n\n\n<![endif]--><!-- [if gte mso 9]><xml> <w:WordDocument> <w:View>Normal<\/w:View> <w:Zoom>0<\/w:Zoom> <w:HyphenationZone>21<\/w:HyphenationZone> <w:PunctuationKerning \/> <w:ValidateAgainstSchemas \/> <w:SaveIfXMLInvalid>false<\/w:SaveIfXMLInvalid> <w:IgnoreMixedContent>false<\/w:IgnoreMixedContent> <w:AlwaysShowPlaceholderText>false<\/w:AlwaysShowPlaceholderText> <w:Compatibility> <w:BreakWrappedTables \/> <w:SnapToGridInCell \/> <w:WrapTextWithPunct \/> <w:UseAsianBreakRules \/> <w:DontGrowAutofit \/> <\/w:Compatibility> <w:BrowserLevel>MicrosoftInternetExplorer4<\/w:BrowserLevel> <\/w:WordDocument> <\/xml><![endif]--><!-- [if gte mso 9]><xml> <w:LatentStyles DefLockedState=\"false\" LatentStyleCount=\"156\"> <\/w:LatentStyles> <\/xml><![endif]--><!-- [if gte mso 10]>\n\n\n\n<style>\n\/* Style Definitions *\/\ntable.MsoNormalTable\n{mso-style-name:\"Tableau Normal\";\nmso-tstyle-rowband-size:0;\nmso-tstyle-colband-size:0;\nmso-style-noshow:yes;\nmso-style-parent:\"\";\nmso-padding-alt:0cm 5.4pt 0cm 5.4pt;\nmso-para-margin:0cm;\nmso-para-margin-bottom:.0001pt;\nmso-pagination:widow-orphan;\nfont-size:10.0pt;\nfont-family:\"Times New Roman\";\nmso-ansi-language:#0400;\nmso-fareast-language:#0400;\nmso-bidi-language:#0400;}\n<\/style>\n\n\n\n<![endif]--><\/p>\n<p style=\"text-align: justify;\"><span style=\"color: #ff6600;\">Un enfant est une petite personne, avec ses hauts et ses bas, avec ses soucis et ses angoisses qui se traduisent le plus souvent par \u00a0des sentiments de tristesse, de peur et de col\u00e8re.<\/span><\/p>\n<p style=\"text-align: justify;\"><span style=\"color: #ff6600;\">L&rsquo;enfant est un \u00eatre en construction et l&rsquo;espace th\u00e9rapeutique va consister \u00e0 accompagner l&rsquo;enfant dans son devenir au sein de sa famille et plus largement de la soci\u00e9t\u00e9.<\/span><\/p>\n<p style=\"text-align: justify;\"><span style=\"color: #ff6600;\">La th\u00e9rapie vise \u00e0 amener l&rsquo;enfant, dans le respect de son \u00eatre, \u00e0 s&rsquo;exprimer sur ce qui le fait souffrir et les difficult\u00e9s qu&rsquo;il rencontre.<\/span><\/p>\n<p class=\"MsoNormal\"><span style=\"color: #ff6600;\">En grandissant, en m\u00fbrissant un enfant est amen\u00e9 \u00e0 traverser parfois des moments difficiles, qui peuvent se traduire par du stress ou des conflits \u00e0 la maison ou \u00e0 l\u2019\u00e9cole :<\/span><\/p>\n<ul type=\"disc\">\n<li style=\"list-style-type: none;\">\n<ul type=\"disc\">\n<li class=\"MsoNormal\"><span style=\"color: #ff6600;\">Difficult\u00e9s relationnelles avec les autres enfants (isolement, syndrome du bouc-\u00e9missaire);<br \/>\n<\/span><\/li>\n<li class=\"MsoNormal\"><span style=\"color: #ff6600;\">Fl\u00e9chissement scolaire\u00a0;<\/span><\/li>\n<li class=\"MsoNormal\"><span style=\"color: #ff6600;\">Troubles du comportement les plus divers\u00a0: troubles obsessionnels, phobies, comportements agressifs, cauchemars, peurs inexpliqu\u00e9es, troubles du sommeil\u00a0;<\/span><\/li>\n<li class=\"MsoNormal\"><span style=\"color: #ff6600;\">Troubles alimentaires\u00a0: anorexie, boulimie\u00a0;<\/span><\/li>\n<li class=\"MsoNormal\"><span style=\"color: #ff6600;\">Enur\u00e9sie, encopr\u00e9sie.<\/span><\/li>\n<\/ul>\n<\/li>\n<\/ul>\n<p class=\"MsoNormal\"><span style=\"color: #ff6600;\">Le travail avec l&rsquo;enfant vise \u00e0 remettre l&rsquo;enfant dans la dynamique de son d\u00e9veloppement.<\/span><\/p>\n","protected":false},"excerpt":{"rendered":"<p>Un enfant est une petite personne, avec ses hauts et ses bas, avec ses soucis et ses angoisses qui se traduisent le plus souvent par \u00a0des sentiments de tristesse, de peur et de col\u00e8re. L&rsquo;enfant est un \u00eatre en construction et l&rsquo;espace th\u00e9rapeutique va consister \u00e0 accompagner l&rsquo;enfant dans son devenir au sein de sa &hellip; <\/p>\n<p class=\"link-more\"><a href=\"https:\/\/www.psy-sarthe.com\/?page_id=63\" class=\"more-link\">Continuer la lecture<span class=\"screen-reader-text\"> de &laquo;&nbsp;Enfants&nbsp;&raquo;<\/span><\/a><\/p>\n","protected":false},"author":1,"featured_media":0,"parent":3,"menu_order":3,"comment_status":"closed","ping_status":"open","template":"","meta":{"footnotes":""},"class_list":["post-63","page","type-page","status-publish","hentry"],"_links":{"self":[{"href":"https:\/\/www.psy-sarthe.com\/index.php?rest_route=\/wp\/v2\/pages\/63","targetHints":{"allow":["GET"]}}],"collection":[{"href":"https:\/\/www.psy-sarthe.com\/index.php?rest_route=\/wp\/v2\/pages"}],"about":[{"href":"https:\/\/www.psy-sarthe.com\/index.php?rest_route=\/wp\/v2\/types\/page"}],"author":[{"embeddable":true,"href":"https:\/\/www.psy-sarthe.com\/index.php?rest_route=\/wp\/v2\/users\/1"}],"replies":[{"embeddable":true,"href":"https:\/\/www.psy-sarthe.com\/index.php?rest_route=%2Fwp%2Fv2%2Fcomments&post=63"}],"version-history":[{"count":2,"href":"https:\/\/www.psy-sarthe.com\/index.php?rest_route=\/wp\/v2\/pages\/63\/revisions"}],"predecessor-version":[{"id":158,"href":"https:\/\/www.psy-sarthe.com\/index.php?rest_route=\/wp\/v2\/pages\/63\/revisions\/158"}],"up":[{"embeddable":true,"href":"https:\/\/www.psy-sarthe.com\/index.php?rest_route=\/wp\/v2\/pages\/3"}],"wp:attachment":[{"href":"https:\/\/www.psy-sarthe.com\/index.php?rest_route=%2Fwp%2Fv2%2Fmedia&parent=63"}],"curies":[{"name":"wp","href":"https:\/\/api.w.org\/{rel}","templated":true}]}}