{"id":9,"date":"2009-01-01T11:11:09","date_gmt":"2009-01-01T09:11:09","guid":{"rendered":"http:\/\/www.psy-sarthe.com\/?page_id=9"},"modified":"2019-01-09T15:51:37","modified_gmt":"2019-01-09T14:51:37","slug":"adolescents","status":"publish","type":"page","link":"https:\/\/www.psy-sarthe.com\/?page_id=9","title":{"rendered":"Adolescents"},"content":{"rendered":"<p><span style=\"color: #ff6600;\">L\u2019adolescence est une p\u00e9riode particuli\u00e8re de la vie, c\u2019est un passage entre le monde\u00a0 de l\u2019enfance et le monde adulte. Cette p\u00e9riode est souvent difficile \u00e0 vivre pour l\u2019adolescent comme pour les parents des adolescents qui doivent continuellement s\u2019adapter \u00e0 l\u2019\u00e9volution de leurs enfants pas encore tout \u00e0 fait adulte<\/span>.<\/p>\n<p><span style=\"color: #ff6600;\">L\u2019adolescence est un moment de la vie tr\u00e8s propice aux passages \u00e0 l\u2019acte. On entend par passage \u00e0 l\u2019acte,\u00a0 un acte qui dit quelque chose d\u2019une souffrance impossible \u00e0 nommer. Les passages \u00e0 l\u2019acte sont pour la plupart du temps une fa\u00e7on d\u2019exprimer un mal-\u00eatre impossible \u00e0 nommer pour l\u2019adolescent. Ce qui est innommable se manifeste dans un exc\u00e8s de d\u00e9bordement agit.<\/span><\/p>\n<p><span style=\"color: #ff6600;\">Ce peut \u00eatre une tentative de suicide, des prises de drogues, des conduites \u00e0 risque (conduire en \u00e9tat d\u2019\u00e9bri\u00e9t\u00e9 avanc\u00e9, conduire tr\u00e8s vite, avoir une sexualit\u00e9 non prot\u00e9g\u00e9e), des fugues, des comportements compulsifs (alimentaires, sexuels), des automutilations, des scarifications, des comportements agressifs et violents envers les autres, la boulimie, l\u2019anorexie\u2026.. Et encore malheureusement bien d\u2019autres choses.\u00a0<\/span><\/p>\n<p><span style=\"color: #ff6600;\">C\u2019est \u00e0 cette p\u00e9riode de la vie que l\u2019adolescent a ce que l\u2019on appelle des \u00ab conduites ordaliques \u00bb, c\u2019est-\u00e0-dire des conduites o\u00f9 il va fr\u00f4ler la mort pour se sentir vraiment exister.<\/span><\/p>\n<p><span style=\"color: #ff6600;\">Mais il existe aussi beaucoup d\u2019adolescents qui ne font pas de bruit et qui souffrent en silence. Des sympt\u00f4mes tels que l\u2019exc\u00e8s de timidit\u00e9, l\u2019isolement, le renfermement sur soi, des somatisations r\u00e9currentes sont\u00a0 autant des sympt\u00f4mes qui traduisent un mal-\u00eatre pour l\u2019adolescent.<\/span><\/p>\n<p><span style=\"color: #ff6600;\">Une des principales difficult\u00e9s de l\u2019adolescent dans notre soci\u00e9t\u00e9 est qu\u2019il se trouve dans un monde du \u00ab tout est possible \u00bb ce qui est extr\u00eamement angoissant pour le sujet. Dans une soci\u00e9t\u00e9 o\u00f9 les possibles sont multiples, c\u2019est le d\u00e9sir de chacun qui d\u00e9termine ses choix. Conna\u00eetre son d\u00e9sir et \u00eatre en accord avec lui et loin d\u2019\u00eatre simple et c\u2019est peut-\u00eatre m\u00eame ce qu\u2019il y a de plus compliqu\u00e9.<\/span><\/p>\n<p><span style=\"color: #ff6600;\">La psychoth\u00e9rapie est avant tout un espace pour d\u00e9poser sa souffrance, son mal-\u00eatre. En parler, l\u2019exprimer par des mots peut permettre d\u2019\u00e9viter les passages \u00e0 l\u2019acte qui peuvent \u00eatre destructeurs voir fatals dans malheureusement encore de trop nombreux cas.<\/span><\/p>\n<p><span style=\"color: #ff6600;\">En disant ce qu\u2019il ressent, il va pouvoir comprendre son comportement, en prendre conscience et mettre du sens sur ses probl\u00e8mes. Comprendre ses difficult\u00e9s, c\u2019est d\u00e9j\u00e0 le premier pas vers des solutions. Le th\u00e9rapeute est l\u00e0 pour le guider, l\u2019aiguiller et trouver son propre chemin.<\/span><\/p>\n<p><span style=\"color: #ff6600;\">L\u2019espace th\u00e9rapeutique peut lui permettre de se projeter et de s\u2019identifier \u00e0 un adulte en qui il peut avoir confiance.<\/span><\/p>\n<p><span style=\"color: #ff6600;\">La<\/span> <span style=\"color: #ff6600;\">th\u00e9rapie est \u00e9galement un lieu cadr\u00e9, limit\u00e9, un \u00ab espace-temps \u00bb particulier qui peut aider l\u2019adolescent \u00e0 trouver ses propres limites et \u00e0 se structurer.<\/span><\/p>\n<p><span style=\"color: #ff6600;\">La psychoth\u00e9rapie de l\u2019adolescent est le plus souvent une th\u00e9rapie de soutien. C\u2019est \u00e0 dire que la th\u00e9rapie n\u2019a pas pour objet de travailler sur la structure profonde car l\u2019adolescent est d\u00e9j\u00e0 en plein remaniement psychique.<\/span><\/p>\n<p><span style=\"color: #ff6600;\">Mais l\u2019adolescent\u00a0a besoin d\u2019\u00eatre compris dans toute sa complexit\u00e9 ce qui n\u2019est pas toujours facile \u00e0 faire pour les parents qui vivent au quotidien avec lui.<\/span><\/p>\n<p><span style=\"color: #ff6600;\">Avec l\u2019adolescent, le r\u00e9el est tr\u00e8s pr\u00e9sent. On travaille beaucoup avec ce qu\u2019il vit au quotidien. C\u2019est un accompagnement vers l\u2019adulte qu\u2019il va devenir.<\/span><\/p>\n<p><span style=\"color: #ff6600;\">La th\u00e9rapie de l\u2019adolescent est d\u2019une certaine fa\u00e7on tr\u00e8s relationnelle. C\u2019est \u00e0 dire qu\u2019elle est tr\u00e8s dans \u00ab l\u2019ici et maintenant \u00bb. Beaucoup de choses se jouent dans l\u2019instantan\u00e9 de la relation.<\/span><\/p>\n<p><span style=\"color: #ff6600;\">L\u2019adolescent \u00e0 besoin de s\u2019identifier \u00e0 l\u2019adulte (et si possible au th\u00e9rapeute) pour avoir envie de grandir et passer dans le monde des adultes. Il a besoin de trouver des compensations aux plaisirs infantiles qu\u2019il va perdre. C\u2019est important de garder \u00e0 l\u2019esprit que l\u2019adolescent quitte l\u2019enfance, un monde qu\u2019il conna\u00eet, pour entrer dans un monde qu\u2019il ne conna\u00eet pas encore. L\u2019adulte, et particuli\u00e8rement dans l\u2019espace th\u00e9rapeutique, le th\u00e9rapeute, peut donner \u00e0 l\u2019adolescent par ce qu\u2019il repr\u00e9sente, l\u2019envie d\u2019entrer dans le monde des adultes.<\/span><\/p>\n","protected":false},"excerpt":{"rendered":"<p>L\u2019adolescence est une p\u00e9riode particuli\u00e8re de la vie, c\u2019est un passage entre le monde\u00a0 de l\u2019enfance et le monde adulte. Cette p\u00e9riode est souvent difficile \u00e0 vivre pour l\u2019adolescent comme pour les parents des adolescents qui doivent continuellement s\u2019adapter \u00e0 l\u2019\u00e9volution de leurs enfants pas encore tout \u00e0 fait adulte. L\u2019adolescence est un moment de &hellip; <\/p>\n<p class=\"link-more\"><a href=\"https:\/\/www.psy-sarthe.com\/?page_id=9\" class=\"more-link\">Continuer la lecture<span class=\"screen-reader-text\"> de &laquo;&nbsp;Adolescents&nbsp;&raquo;<\/span><\/a><\/p>\n","protected":false},"author":1,"featured_media":0,"parent":3,"menu_order":2,"comment_status":"closed","ping_status":"open","template":"","meta":{"footnotes":""},"class_list":["post-9","page","type-page","status-publish","hentry"],"_links":{"self":[{"href":"https:\/\/www.psy-sarthe.com\/index.php?rest_route=\/wp\/v2\/pages\/9","targetHints":{"allow":["GET"]}}],"collection":[{"href":"https:\/\/www.psy-sarthe.com\/index.php?rest_route=\/wp\/v2\/pages"}],"about":[{"href":"https:\/\/www.psy-sarthe.com\/index.php?rest_route=\/wp\/v2\/types\/page"}],"author":[{"embeddable":true,"href":"https:\/\/www.psy-sarthe.com\/index.php?rest_route=\/wp\/v2\/users\/1"}],"replies":[{"embeddable":true,"href":"https:\/\/www.psy-sarthe.com\/index.php?rest_route=%2Fwp%2Fv2%2Fcomments&post=9"}],"version-history":[{"count":4,"href":"https:\/\/www.psy-sarthe.com\/index.php?rest_route=\/wp\/v2\/pages\/9\/revisions"}],"predecessor-version":[{"id":156,"href":"https:\/\/www.psy-sarthe.com\/index.php?rest_route=\/wp\/v2\/pages\/9\/revisions\/156"}],"up":[{"embeddable":true,"href":"https:\/\/www.psy-sarthe.com\/index.php?rest_route=\/wp\/v2\/pages\/3"}],"wp:attachment":[{"href":"https:\/\/www.psy-sarthe.com\/index.php?rest_route=%2Fwp%2Fv2%2Fmedia&parent=9"}],"curies":[{"name":"wp","href":"https:\/\/api.w.org\/{rel}","templated":true}]}}